{"id":44,"date":"2023-10-16T21:10:18","date_gmt":"2023-10-16T20:10:18","guid":{"rendered":"https:\/\/blogg.folkuniversitetet.nu\/barkgr\/?page_id=44"},"modified":"2023-11-23T09:54:49","modified_gmt":"2023-11-23T08:54:49","slug":"vem-ar-greta","status":"publish","type":"page","link":"https:\/\/blogg.folkuniversitetet.nu\/barkgr\/vem-ar-greta\/","title":{"rendered":"Vem \u00e4r Greta?"},"content":{"rendered":"<p>Jag heter Greta och arbetar som l\u00e4rare p\u00e5 Folkuniversitetet.<\/p>\n<p>Jag bor i Stockholm. P\u00e5 fritiden \u00e4lskar jag att l\u00e4sa b\u00f6cker, g\u00e5 p\u00e5 bio eller teater. Jag tycker v\u00e4ldigt mycket om att fika. Mazarin \u00e4r min favoritbakelse!<\/p>\n<p>Jag talar svenska, litauiska, engelska, lite lettiska och lite franska. Jag \u00e4r v\u00e4ldigt intresserad av litteratur och barnlitteratur i synnerhet.<\/p>\n<p>&nbsp;<\/p>\n<p>Kontakta mig: greta.barkauskyte@folkuniversitetet.se<\/p>\n","protected":false},"excerpt":{"rendered":"<p>Jag heter Greta och arbetar som l\u00e4rare p\u00e5 Folkuniversitetet. Jag bor i Stockholm. P\u00e5 fritiden \u00e4lskar jag att l\u00e4sa b\u00f6cker, g\u00e5 p\u00e5 bio eller teater. Jag tycker v\u00e4ldigt mycket om att fika. Mazarin \u00e4r min favoritbakelse! Jag talar svenska, litauiska, engelska, lite lettiska och lite franska. Jag \u00e4r v\u00e4ldigt intresserad av litteratur och barnlitteratur i [&hellip;]<\/p>\n","protected":false},"author":929,"featured_media":0,"parent":0,"menu_order":4,"comment_status":"closed","ping_status":"closed","template":"","meta":{"footnotes":""},"class_list":["post-44","page","type-page","status-publish","hentry","post-preview"],"_links":{"self":[{"href":"https:\/\/blogg.folkuniversitetet.nu\/barkgr\/wp-json\/wp\/v2\/pages\/44","targetHints":{"allow":["GET"]}}],"collection":[{"href":"https:\/\/blogg.folkuniversitetet.nu\/barkgr\/wp-json\/wp\/v2\/pages"}],"about":[{"href":"https:\/\/blogg.folkuniversitetet.nu\/barkgr\/wp-json\/wp\/v2\/types\/page"}],"author":[{"embeddable":true,"href":"https:\/\/blogg.folkuniversitetet.nu\/barkgr\/wp-json\/wp\/v2\/users\/929"}],"replies":[{"embeddable":true,"href":"https:\/\/blogg.folkuniversitetet.nu\/barkgr\/wp-json\/wp\/v2\/comments?post=44"}],"version-history":[{"count":4,"href":"https:\/\/blogg.folkuniversitetet.nu\/barkgr\/wp-json\/wp\/v2\/pages\/44\/revisions"}],"predecessor-version":[{"id":86,"href":"https:\/\/blogg.folkuniversitetet.nu\/barkgr\/wp-json\/wp\/v2\/pages\/44\/revisions\/86"}],"wp:attachment":[{"href":"https:\/\/blogg.folkuniversitetet.nu\/barkgr\/wp-json\/wp\/v2\/media?parent=44"}],"curies":[{"name":"wp","href":"https:\/\/api.w.org\/{rel}","templated":true}]}}