{"id":19,"date":"2023-10-16T11:07:43","date_gmt":"2023-10-16T10:07:43","guid":{"rendered":"https:\/\/blogg.folkuniversitetet.nu\/barkgr\/?page_id=19"},"modified":"2024-03-26T14:47:36","modified_gmt":"2024-03-26T13:47:36","slug":"lankar","status":"publish","type":"page","link":"https:\/\/blogg.folkuniversitetet.nu\/barkgr\/lankar\/","title":{"rendered":"L\u00e4nkar"},"content":{"rendered":"<p><a href=\"https:\/\/folkets-lexikon.csc.kth.se\/folkets\/\">Folkets Lexikon<\/a><\/p>\n<p><a href=\"https:\/\/svenska.se\">Svenska.se<\/a><\/p>\n<p><a href=\"https:\/\/www.svtplay.se\/\">SvT Play<\/a><\/p>\n<p><a href=\"https:\/\/sverigesradio.se\/radioswedenpalattsvenska\">Radio Sweden P\u00e5 l\u00e4tt svenska<\/a><\/p>\n<p><a href=\"https:\/\/8sidor.se\">8sidor.se<\/a><\/p>\n<p>Ju, nog, v\u00e4l, dock &#8211; <a href=\"https:\/\/www.youtube.com\/watch?v=FfA1O1DgVw4\">video<\/a><\/p>\n<p><a href=\"http:\/\/annasfi.blogspot.com\/p\/prepositioner_13.html\">Lite om prepositioner<\/a><\/p>\n","protected":false},"excerpt":{"rendered":"<p>Folkets Lexikon Svenska.se SvT Play Radio Sweden P\u00e5 l\u00e4tt svenska 8sidor.se Ju, nog, v\u00e4l, dock &#8211; video Lite om prepositioner<\/p>\n","protected":false},"author":929,"featured_media":0,"parent":0,"menu_order":3,"comment_status":"closed","ping_status":"closed","template":"","meta":{"footnotes":""},"class_list":["post-19","page","type-page","status-publish","hentry","post-preview"],"_links":{"self":[{"href":"https:\/\/blogg.folkuniversitetet.nu\/barkgr\/wp-json\/wp\/v2\/pages\/19","targetHints":{"allow":["GET"]}}],"collection":[{"href":"https:\/\/blogg.folkuniversitetet.nu\/barkgr\/wp-json\/wp\/v2\/pages"}],"about":[{"href":"https:\/\/blogg.folkuniversitetet.nu\/barkgr\/wp-json\/wp\/v2\/types\/page"}],"author":[{"embeddable":true,"href":"https:\/\/blogg.folkuniversitetet.nu\/barkgr\/wp-json\/wp\/v2\/users\/929"}],"replies":[{"embeddable":true,"href":"https:\/\/blogg.folkuniversitetet.nu\/barkgr\/wp-json\/wp\/v2\/comments?post=19"}],"version-history":[{"count":6,"href":"https:\/\/blogg.folkuniversitetet.nu\/barkgr\/wp-json\/wp\/v2\/pages\/19\/revisions"}],"predecessor-version":[{"id":262,"href":"https:\/\/blogg.folkuniversitetet.nu\/barkgr\/wp-json\/wp\/v2\/pages\/19\/revisions\/262"}],"wp:attachment":[{"href":"https:\/\/blogg.folkuniversitetet.nu\/barkgr\/wp-json\/wp\/v2\/media?parent=19"}],"curies":[{"name":"wp","href":"https:\/\/api.w.org\/{rel}","templated":true}]}}