{"id":16,"date":"2023-10-13T13:49:29","date_gmt":"2023-10-13T12:49:29","guid":{"rendered":"https:\/\/blogg.folkuniversitetet.nu\/barkgr\/?page_id=16"},"modified":"2026-03-03T13:07:52","modified_gmt":"2026-03-03T12:07:52","slug":"rivstart","status":"publish","type":"page","link":"https:\/\/blogg.folkuniversitetet.nu\/barkgr\/rivstart\/","title":{"rendered":"Rivstart"},"content":{"rendered":"<p><a href=\"https:\/\/digi.nokportalen.se\/books\/d5528a43-29db-4d4b-bef4-127493fa703f\">L\u00e4nk till Rivstarts facit, ljudklipp och extramaterial<\/a><\/p>\n<p>Du beh\u00f6ver skapa en anv\u00e4ndare men materialet \u00e4r gratis.<\/p>\n<p><em>You need to create an account to access the free material.\u00a0<\/em><\/p>\n<p><a href=\"https:\/\/drive.google.com\/file\/d\/1r-alz7a_vz2pjUMhp2x9r2RBnqEx-DCI\/view?usp=sharing\">Guide for creating an account<\/a><\/p>\n<p>A1+A2<\/p>\n<p><a href=\"https:\/\/drive.google.com\/file\/d\/1nIr_JzEDoQZ4MEQrprSiEkUDXjKYn_2s\/view?usp=sharing\">Facit till textboken A1+A2<\/a><\/p>\n<p><a href=\"https:\/\/drive.google.com\/file\/d\/1prp584CBv7UTmC9NMewOISexPMl5ronM\/view?usp=sharing\">Facit till \u00f6vningsboken A1+A2<\/a><\/p>\n<p><a href=\"https:\/\/drive.google.com\/file\/d\/1bqJ-KAxHiY-SPXrcia0uSBzD7fJLg0gl\/view?usp=sharing\">Verblista A1+A2 (grupp 4)<\/a><\/p>\n<p><a href=\"https:\/\/drive.google.com\/file\/d\/15yfrFmWmtss26E6jgMM9L-Ijrx4NWoTD\/view?usp=sharing\">Ordlista A1+A2 (svenska-engelska)<\/a><\/p>\n<p>B1+B2 (3:e upplaga)<\/p>\n<p><a href=\"https:\/\/drive.google.com\/file\/d\/1pvHihYNPJ3Pn49VPV2e9Y7dvFMP_SCBY\/view?usp=sharing\">Ordlista (svenska-engelska)<\/a><\/p>\n<p><a href=\"https:\/\/drive.google.com\/file\/d\/1CWKFnz7-aMkwjCvF4gEAZ8_cG-igvALu\/view?usp=sharing\">Verblista<\/a><\/p>\n<p><a href=\"https:\/\/drive.google.com\/file\/d\/1JlVOnIuz5Wtmh-JYUwy-IB8vJUxH-V5V\/view?usp=sharing\">Facit till textboken<\/a><\/p>\n<p><a href=\"https:\/\/drive.google.com\/file\/d\/1F_ItczmluMCyYa9HpmZc4I8OJk1v-cO1\/view?usp=sharing\">Facit till \u00f6vningsboken<\/a><\/p>\n<p><a href=\"https:\/\/drive.google.com\/file\/d\/17MyOI4T2AYkreaxhuO8WrDErC6Ndk29b\/view?usp=sharing\">Ordkort<\/a><\/p>\n","protected":false},"excerpt":{"rendered":"<p>L\u00e4nk till Rivstarts facit, ljudklipp och extramaterial Du beh\u00f6ver skapa en anv\u00e4ndare men materialet \u00e4r gratis. You need to create an account to access the free material.\u00a0 Guide for creating an account A1+A2 Facit till textboken A1+A2 Facit till \u00f6vningsboken A1+A2 Verblista A1+A2 (grupp 4) Ordlista A1+A2 (svenska-engelska) B1+B2 (3:e upplaga) Ordlista (svenska-engelska) Verblista Facit [&hellip;]<\/p>\n","protected":false},"author":929,"featured_media":0,"parent":0,"menu_order":2,"comment_status":"closed","ping_status":"closed","template":"","meta":{"footnotes":""},"class_list":["post-16","page","type-page","status-publish","hentry","post-preview"],"_links":{"self":[{"href":"https:\/\/blogg.folkuniversitetet.nu\/barkgr\/wp-json\/wp\/v2\/pages\/16","targetHints":{"allow":["GET"]}}],"collection":[{"href":"https:\/\/blogg.folkuniversitetet.nu\/barkgr\/wp-json\/wp\/v2\/pages"}],"about":[{"href":"https:\/\/blogg.folkuniversitetet.nu\/barkgr\/wp-json\/wp\/v2\/types\/page"}],"author":[{"embeddable":true,"href":"https:\/\/blogg.folkuniversitetet.nu\/barkgr\/wp-json\/wp\/v2\/users\/929"}],"replies":[{"embeddable":true,"href":"https:\/\/blogg.folkuniversitetet.nu\/barkgr\/wp-json\/wp\/v2\/comments?post=16"}],"version-history":[{"count":12,"href":"https:\/\/blogg.folkuniversitetet.nu\/barkgr\/wp-json\/wp\/v2\/pages\/16\/revisions"}],"predecessor-version":[{"id":970,"href":"https:\/\/blogg.folkuniversitetet.nu\/barkgr\/wp-json\/wp\/v2\/pages\/16\/revisions\/970"}],"wp:attachment":[{"href":"https:\/\/blogg.folkuniversitetet.nu\/barkgr\/wp-json\/wp\/v2\/media?parent=16"}],"curies":[{"name":"wp","href":"https:\/\/api.w.org\/{rel}","templated":true}]}}