{"id":1025,"date":"2026-04-29T21:10:29","date_gmt":"2026-04-29T20:10:29","guid":{"rendered":"https:\/\/blogg.folkuniversitetet.nu\/barkgr\/?page_id=1025"},"modified":"2026-04-29T21:10:29","modified_gmt":"2026-04-29T20:10:29","slug":"vecka-4","status":"publish","type":"page","link":"https:\/\/blogg.folkuniversitetet.nu\/barkgr\/b1-del-1-april-maj\/vecka-4\/","title":{"rendered":"Vecka 4"},"content":{"rendered":"<h2>Tisdag, den 28:e april<\/h2>\n<p><a href=\"https:\/\/drive.google.com\/file\/d\/1bfAY4G1GwWVPD4n7Ob27O9RRTL5ZTRrT\/view?usp=sharing\">Anteckningar<\/a><\/p>\n<h4>L\u00e4xa:<\/h4>\n<ul>\n<li>TB s. 144-145<\/li>\n<li>\u00d6B s. 125-126<\/li>\n<li>\u00d6B s. 133-134<\/li>\n<li>Du ska hitta n\u00e5gon nyhetsartikel p\u00e5 vilken som helst svensk webbtidning. L\u00e4s den artikeln, kontrollera orden och var redo att presentera den f\u00f6r dina klasskompisar.<\/li>\n<\/ul>\n","protected":false},"excerpt":{"rendered":"<p>Tisdag, den 28:e april Anteckningar L\u00e4xa: TB s. 144-145 \u00d6B s. 125-126 \u00d6B s. 133-134 Du ska hitta n\u00e5gon nyhetsartikel p\u00e5 vilken som helst svensk webbtidning. L\u00e4s den artikeln, kontrollera orden och var redo att presentera den f\u00f6r dina klasskompisar.<\/p>\n","protected":false},"author":929,"featured_media":0,"parent":999,"menu_order":4,"comment_status":"closed","ping_status":"closed","template":"","meta":{"footnotes":""},"class_list":["post-1025","page","type-page","status-publish","hentry","post-preview"],"_links":{"self":[{"href":"https:\/\/blogg.folkuniversitetet.nu\/barkgr\/wp-json\/wp\/v2\/pages\/1025","targetHints":{"allow":["GET"]}}],"collection":[{"href":"https:\/\/blogg.folkuniversitetet.nu\/barkgr\/wp-json\/wp\/v2\/pages"}],"about":[{"href":"https:\/\/blogg.folkuniversitetet.nu\/barkgr\/wp-json\/wp\/v2\/types\/page"}],"author":[{"embeddable":true,"href":"https:\/\/blogg.folkuniversitetet.nu\/barkgr\/wp-json\/wp\/v2\/users\/929"}],"replies":[{"embeddable":true,"href":"https:\/\/blogg.folkuniversitetet.nu\/barkgr\/wp-json\/wp\/v2\/comments?post=1025"}],"version-history":[{"count":1,"href":"https:\/\/blogg.folkuniversitetet.nu\/barkgr\/wp-json\/wp\/v2\/pages\/1025\/revisions"}],"predecessor-version":[{"id":1026,"href":"https:\/\/blogg.folkuniversitetet.nu\/barkgr\/wp-json\/wp\/v2\/pages\/1025\/revisions\/1026"}],"up":[{"embeddable":true,"href":"https:\/\/blogg.folkuniversitetet.nu\/barkgr\/wp-json\/wp\/v2\/pages\/999"}],"wp:attachment":[{"href":"https:\/\/blogg.folkuniversitetet.nu\/barkgr\/wp-json\/wp\/v2\/media?parent=1025"}],"curies":[{"name":"wp","href":"https:\/\/api.w.org\/{rel}","templated":true}]}}