{"id":1020,"date":"2026-04-22T08:04:07","date_gmt":"2026-04-22T07:04:07","guid":{"rendered":"https:\/\/blogg.folkuniversitetet.nu\/barkgr\/?page_id=1020"},"modified":"2026-04-24T12:49:17","modified_gmt":"2026-04-24T11:49:17","slug":"vecka-3","status":"publish","type":"page","link":"https:\/\/blogg.folkuniversitetet.nu\/barkgr\/b1-del-1-april-maj\/vecka-3\/","title":{"rendered":"Vecka 3"},"content":{"rendered":"<h2>Tisdag, den 21:a april<\/h2>\n<p><a href=\"https:\/\/drive.google.com\/file\/d\/1ZLucY4hjGpOOOc4uRoqCutU-CsK6M-5e\/view?usp=sharing\">Anteckningar<\/a><\/p>\n<h4>L\u00e4xa:<\/h4>\n<ul>\n<li>Spr\u00e5k i Norden, TB s. 128-132. Lyssna p\u00e5 texten p\u00e5 nok.se och l\u00e4s den. Skriv 5 fr\u00e5gor till texten.<\/li>\n<\/ul>\n<h2>Torsdag, den 23:e april<\/h2>\n<p><a href=\"https:\/\/drive.google.com\/file\/d\/1LyLOG8ojgBxLdrxoQUPTcE4bttIfG2ys\/view?usp=sharing\">Anteckningar<\/a><\/p>\n<p><span style=\"color: #339966\"><strong>Den 30:e april har vi ingen lektion pga 1:a maj och den l\u00e5nga helgen.<\/strong><\/span><\/p>\n<h4>L\u00e4xa:<\/h4>\n<ul>\n<li>TB s. 138-139<\/li>\n<li>\u00d6B s. 116-124<\/li>\n<li>Ordkort fr\u00e5n kapitel 8<\/li>\n<\/ul>\n<p>&nbsp;<\/p>\n","protected":false},"excerpt":{"rendered":"<p>Tisdag, den 21:a april Anteckningar L\u00e4xa: Spr\u00e5k i Norden, TB s. 128-132. Lyssna p\u00e5 texten p\u00e5 nok.se och l\u00e4s den. Skriv 5 fr\u00e5gor till texten. Torsdag, den 23:e april Anteckningar Den 30:e april har vi ingen lektion pga 1:a maj och den l\u00e5nga helgen. L\u00e4xa: TB s. 138-139 \u00d6B s. 116-124 Ordkort fr\u00e5n kapitel 8 [&hellip;]<\/p>\n","protected":false},"author":929,"featured_media":0,"parent":999,"menu_order":3,"comment_status":"closed","ping_status":"closed","template":"","meta":{"footnotes":""},"class_list":["post-1020","page","type-page","status-publish","hentry","post-preview"],"_links":{"self":[{"href":"https:\/\/blogg.folkuniversitetet.nu\/barkgr\/wp-json\/wp\/v2\/pages\/1020","targetHints":{"allow":["GET"]}}],"collection":[{"href":"https:\/\/blogg.folkuniversitetet.nu\/barkgr\/wp-json\/wp\/v2\/pages"}],"about":[{"href":"https:\/\/blogg.folkuniversitetet.nu\/barkgr\/wp-json\/wp\/v2\/types\/page"}],"author":[{"embeddable":true,"href":"https:\/\/blogg.folkuniversitetet.nu\/barkgr\/wp-json\/wp\/v2\/users\/929"}],"replies":[{"embeddable":true,"href":"https:\/\/blogg.folkuniversitetet.nu\/barkgr\/wp-json\/wp\/v2\/comments?post=1020"}],"version-history":[{"count":3,"href":"https:\/\/blogg.folkuniversitetet.nu\/barkgr\/wp-json\/wp\/v2\/pages\/1020\/revisions"}],"predecessor-version":[{"id":1023,"href":"https:\/\/blogg.folkuniversitetet.nu\/barkgr\/wp-json\/wp\/v2\/pages\/1020\/revisions\/1023"}],"up":[{"embeddable":true,"href":"https:\/\/blogg.folkuniversitetet.nu\/barkgr\/wp-json\/wp\/v2\/pages\/999"}],"wp:attachment":[{"href":"https:\/\/blogg.folkuniversitetet.nu\/barkgr\/wp-json\/wp\/v2\/media?parent=1020"}],"curies":[{"name":"wp","href":"https:\/\/api.w.org\/{rel}","templated":true}]}}