{"id":1008,"date":"2026-04-15T07:12:35","date_gmt":"2026-04-15T06:12:35","guid":{"rendered":"https:\/\/blogg.folkuniversitetet.nu\/barkgr\/?page_id=1008"},"modified":"2026-04-17T12:11:22","modified_gmt":"2026-04-17T11:11:22","slug":"vecka-2","status":"publish","type":"page","link":"https:\/\/blogg.folkuniversitetet.nu\/barkgr\/b1-del-1-april-maj\/vecka-2\/","title":{"rendered":"Vecka 2"},"content":{"rendered":"<h2>Tisdag, den 14:e april<\/h2>\n<p><a href=\"https:\/\/drive.google.com\/file\/d\/1na989bKLDz8xSp7pTCrpC9E6s914IPLy\/view?usp=sharing\">Anteckningar<\/a><\/p>\n<h4>L\u00e4xa:<\/h4>\n<ul>\n<li>Marcio, Ryan, Taciane, Ekin, Levent, Ana, Kevyn ska presentera Bohusl\u00e4n<\/li>\n<li>Ana Paula, Patricia, Amanda, Nikola, Gustavo, Agne ska presentera J\u00e4mtland<\/li>\n<\/ul>\n<h2>Torsdag, den 16:e april<\/h2>\n<p><a href=\"https:\/\/drive.google.com\/file\/d\/12XiPu_TeQaleh6dOnB5llNNTOLrcH7Xg\/view?usp=sharing\">Anteckningar<\/a><\/p>\n<p><a href=\"https:\/\/drive.google.com\/file\/d\/12tnYpy1aDXBwrnbYrsRxICZFZplFsCOk\/view?usp=sharing\">Extra material (mina handouts) med perfekt particip<\/a><\/p>\n<h4>L\u00e4xa:<\/h4>\n<ul>\n<li>Texter om k\u00e4nde svenska kvinnor TB s. 123-125. L\u00e4s om en av dem och presentera den personen utifr\u00e5n boken:\n<ul>\n<li>Gustavo, Ryan, Levent, Ana, Ana Paula, Kevyn presenterar Heliga Birgitta fr\u00e5n s. 123-124 TB<\/li>\n<li>Patricia, Marcio, Ekin, Amanda, Taciane, Nikola presenterar Drottning Kristina fr\u00e5n s. 124-15 TB<\/li>\n<\/ul>\n<\/li>\n<li>TB s. 117-118, l\u00e4s Prat om mat, skriv ner 5-7 ord\/fraser som du vill l\u00e4ra dig.<\/li>\n<li>\u00d6B s. 103-105<\/li>\n<li>Handouts, nr. 20, 21<\/li>\n<li>Arbeta med ordkorten fr\u00e5n kapitel 7<\/li>\n<\/ul>\n<h4>Det som ska diskuteras p\u00e5 torsdag:<\/h4>\n<ul>\n<li>Spr\u00e5k i Norden, s. 128-132. Skriv 5 fr\u00e5gor till texten.<\/li>\n<\/ul>\n<p>&nbsp;<\/p>\n","protected":false},"excerpt":{"rendered":"<p>Tisdag, den 14:e april Anteckningar L\u00e4xa: Marcio, Ryan, Taciane, Ekin, Levent, Ana, Kevyn ska presentera Bohusl\u00e4n Ana Paula, Patricia, Amanda, Nikola, Gustavo, Agne ska presentera J\u00e4mtland Torsdag, den 16:e april Anteckningar Extra material (mina handouts) med perfekt particip L\u00e4xa: Texter om k\u00e4nde svenska kvinnor TB s. 123-125. L\u00e4s om en av dem och presentera den [&hellip;]<\/p>\n","protected":false},"author":929,"featured_media":0,"parent":999,"menu_order":2,"comment_status":"closed","ping_status":"closed","template":"","meta":{"footnotes":""},"class_list":["post-1008","page","type-page","status-publish","hentry","post-preview"],"_links":{"self":[{"href":"https:\/\/blogg.folkuniversitetet.nu\/barkgr\/wp-json\/wp\/v2\/pages\/1008","targetHints":{"allow":["GET"]}}],"collection":[{"href":"https:\/\/blogg.folkuniversitetet.nu\/barkgr\/wp-json\/wp\/v2\/pages"}],"about":[{"href":"https:\/\/blogg.folkuniversitetet.nu\/barkgr\/wp-json\/wp\/v2\/types\/page"}],"author":[{"embeddable":true,"href":"https:\/\/blogg.folkuniversitetet.nu\/barkgr\/wp-json\/wp\/v2\/users\/929"}],"replies":[{"embeddable":true,"href":"https:\/\/blogg.folkuniversitetet.nu\/barkgr\/wp-json\/wp\/v2\/comments?post=1008"}],"version-history":[{"count":9,"href":"https:\/\/blogg.folkuniversitetet.nu\/barkgr\/wp-json\/wp\/v2\/pages\/1008\/revisions"}],"predecessor-version":[{"id":1018,"href":"https:\/\/blogg.folkuniversitetet.nu\/barkgr\/wp-json\/wp\/v2\/pages\/1008\/revisions\/1018"}],"up":[{"embeddable":true,"href":"https:\/\/blogg.folkuniversitetet.nu\/barkgr\/wp-json\/wp\/v2\/pages\/999"}],"wp:attachment":[{"href":"https:\/\/blogg.folkuniversitetet.nu\/barkgr\/wp-json\/wp\/v2\/media?parent=1008"}],"curies":[{"name":"wp","href":"https:\/\/api.w.org\/{rel}","templated":true}]}}