{"id":1001,"date":"2026-04-09T11:37:35","date_gmt":"2026-04-09T10:37:35","guid":{"rendered":"https:\/\/blogg.folkuniversitetet.nu\/barkgr\/?page_id=1001"},"modified":"2026-04-09T20:53:40","modified_gmt":"2026-04-09T19:53:40","slug":"vecka-1","status":"publish","type":"page","link":"https:\/\/blogg.folkuniversitetet.nu\/barkgr\/b1-del-1-april-maj\/vecka-1\/","title":{"rendered":"Vecka 1"},"content":{"rendered":"<h2>Tisdag, den 7:e april<\/h2>\n<h4>L\u00e4xa:<\/h4>\n<ul>\n<li>\n<p style=\"font-weight: 400\">Relativa pronomen och adverb s. 98-100 (\u00d6B)<\/p>\n<\/li>\n<li>\n<p style=\"font-weight: 400\">Lyssna p\u00e5 och l\u00e4s texten \u201dEn svensk demonregiss\u00f6r\u201d s. 102-103 (TB)<\/p>\n<\/li>\n<li>\n<p style=\"font-weight: 400\">Skriv 5-6 fr\u00e5gor till texten som du tar med till lektionen p\u00e5 onsdag.<\/p>\n<\/li>\n<\/ul>\n<h2>Torsdag, den 9:e april<\/h2>\n<p><a href=\"https:\/\/drive.google.com\/file\/d\/1tehGGMpc9b7vdsE_sERTDzhSyPLaV-c4\/view?usp=sharing\">Anteckningar<\/a><\/p>\n<p><a href=\"https:\/\/drive.google.com\/file\/d\/1rnYwKOVeii4qeWQD4CMsix6wKyw-gJET\/view?usp=sharing\">Huvudsatstabellen<\/a><\/p>\n<p><a href=\"https:\/\/drive.google.com\/file\/d\/1IG4W4wyW2C-mo-3rvTCaC13xHqg7fFHz\/view?usp=sharing\">Bisatstabellen<\/a><\/p>\n<p><a href=\"https:\/\/drive.google.com\/file\/d\/1KcH8GySxobbgGFgHGuaT-IPccuctIF-c\/view?usp=sharing\">Vanliga satsadverb<\/a><\/p>\n<h4>L\u00e4xa till tisdag:<\/h4>\n<ul>\n<li>TB s. 106-107, arbeta med de tv\u00e5 sidorna, kontrollera orden.<\/li>\n<li>TB. 108, uppgift D &#8211; v\u00e4lj en svensk regiss\u00f6r fr\u00e5n listan och var redo att presentera den personen till andra i klassen.<\/li>\n<\/ul>\n<h4>Texten till torsdag (om du vill kan du l\u00e4sa den i f\u00f6rv\u00e4g)<\/h4>\n<ul>\n<li>TB s. 111-112<\/li>\n<\/ul>\n","protected":false},"excerpt":{"rendered":"<p>Tisdag, den 7:e april L\u00e4xa: Relativa pronomen och adverb s. 98-100 (\u00d6B) Lyssna p\u00e5 och l\u00e4s texten \u201dEn svensk demonregiss\u00f6r\u201d s. 102-103 (TB) Skriv 5-6 fr\u00e5gor till texten som du tar med till lektionen p\u00e5 onsdag. Torsdag, den 9:e april Anteckningar Huvudsatstabellen Bisatstabellen Vanliga satsadverb L\u00e4xa till tisdag: TB s. 106-107, arbeta med de tv\u00e5 [&hellip;]<\/p>\n","protected":false},"author":929,"featured_media":0,"parent":999,"menu_order":1,"comment_status":"closed","ping_status":"closed","template":"","meta":{"footnotes":""},"class_list":["post-1001","page","type-page","status-publish","hentry","post-preview"],"_links":{"self":[{"href":"https:\/\/blogg.folkuniversitetet.nu\/barkgr\/wp-json\/wp\/v2\/pages\/1001","targetHints":{"allow":["GET"]}}],"collection":[{"href":"https:\/\/blogg.folkuniversitetet.nu\/barkgr\/wp-json\/wp\/v2\/pages"}],"about":[{"href":"https:\/\/blogg.folkuniversitetet.nu\/barkgr\/wp-json\/wp\/v2\/types\/page"}],"author":[{"embeddable":true,"href":"https:\/\/blogg.folkuniversitetet.nu\/barkgr\/wp-json\/wp\/v2\/users\/929"}],"replies":[{"embeddable":true,"href":"https:\/\/blogg.folkuniversitetet.nu\/barkgr\/wp-json\/wp\/v2\/comments?post=1001"}],"version-history":[{"count":4,"href":"https:\/\/blogg.folkuniversitetet.nu\/barkgr\/wp-json\/wp\/v2\/pages\/1001\/revisions"}],"predecessor-version":[{"id":1005,"href":"https:\/\/blogg.folkuniversitetet.nu\/barkgr\/wp-json\/wp\/v2\/pages\/1001\/revisions\/1005"}],"up":[{"embeddable":true,"href":"https:\/\/blogg.folkuniversitetet.nu\/barkgr\/wp-json\/wp\/v2\/pages\/999"}],"wp:attachment":[{"href":"https:\/\/blogg.folkuniversitetet.nu\/barkgr\/wp-json\/wp\/v2\/media?parent=1001"}],"curies":[{"name":"wp","href":"https:\/\/api.w.org\/{rel}","templated":true}]}}