{"id":883,"date":"2026-03-29T22:16:07","date_gmt":"2026-03-29T21:16:07","guid":{"rendered":"https:\/\/blogg.folkuniversitetet.nu\/avalan\/?page_id=883"},"modified":"2026-05-13T20:07:34","modified_gmt":"2026-05-13T19:07:34","slug":"svenska-a2-del-2-start-den-1-4","status":"publish","type":"page","link":"https:\/\/blogg.folkuniversitetet.nu\/avalan\/kurser\/svenska-a2-del-2-start-den-1-4\/","title":{"rendered":"Svenska A2 del 2, m\u00e5-ons"},"content":{"rendered":"<p><strong>Lektion 11, den 13\/5<\/strong><\/p>\n<p>Vi lyssnade p\u00e5 era presentationer om olika yrken. Sedan jobbade vi med s.229-230 i TB och s.234 i \u00d6B.<\/p>\n<p><strong>L\u00e4xa:<\/strong><\/p>\n<p>Titta p\u00e5<a href=\"https:\/\/blogg.folkuniversitetet.nu\/avalan\/kurs-a2-del-2\/\"> filmerna till kap.19.<\/a><\/p>\n<p>Jobba med s.234-241 i \u00d6B.<\/p>\n<p><strong>L\u00e4s dialogerna p\u00e5 s.227 en g\u00e5ng till och skriv en egen dialog p\u00e5 jobbet. Anv\u00e4nd fraser fr\u00e5n dialogerna.<\/strong><\/p>\n<p>Lycka till!<\/p>\n<p>&nbsp;<\/p>\n<p><strong>Lektion 10, den 11\/5<\/strong><\/p>\n<p>Vi gick igenom sidorna 225-228 i TB.<\/p>\n<p><strong>L\u00e4xa:<\/strong><\/p>\n<p><strong>L\u00e4s texterna p\u00e5 s.231 och skriv n\u00e5gra arbetsmejl.<\/strong><\/p>\n<p>Titta p\u00e5 ett avsnitt\u00a0<a href=\"https:\/\/urplay.se\/serie\/232026-fran-sfi-till-arbete?gad_source=1&amp;gad_campaignid=23712504182&amp;gbraid=0AAAAACL0KtfuP8DtljUj4lzynL5-rGDtS&amp;gclid=CjwKCAjwtcHPBhADEiwAWo3sJtgfJ_NguJPX3RL5jit2a0HzdtzgVhD9RRFpP2z67ISQaWqXiPOSxhoCLYYQAvD_BwE\"><em>Fr\u00e5n sfi till arbete<\/em>\u00a0<\/a>och ber\u00e4tta p\u00e5 lektionen.<\/p>\n<p>Lycka till!<\/p>\n<p>&nbsp;<\/p>\n<p><strong>Lektion 9, den 4 \/5<\/strong><\/p>\n<p>Vi jobbade med TB, s.221-224, \u00d6B s.231. Nya ord fr\u00e5n lektionen: <strong>v\u00e5ld, v\u00e5ldsam, att sl\u00e5 p\u00e5 en kaffebryggare, en vaktm\u00e4stare, aprop\u00e5.<\/strong><\/p>\n<p>N\u00e4sta lektion \u00e4r den 11\/5.<\/p>\n<p><strong>L\u00e4xa:<\/strong><\/p>\n<p>\u00d6B, s.232-234.<\/p>\n<p>Titta <a href=\"https:\/\/blogg.folkuniversitetet.nu\/avalan\/kurs-a2-del-2\/\">p\u00e5 filmerna till kap.18.<\/a><\/p>\n<p><a href=\"https:\/\/www.wordwall.net\/resource\/112339527\">Diktamen medn en svensk r\u00f6st<\/a><\/p>\n<p><strong>L\u00e4s texterna p\u00e5 s.231 och skriv n\u00e5gra arbetsmejl.<\/strong><\/p>\n<p>Lycka till!<\/p>\n<p>&nbsp;<\/p>\n<p><strong>Lektion 8, den 29\/4<\/strong><\/p>\n<p>Vi gick igenom s.218-221.<\/p>\n<p><strong>L\u00e4xa:<\/strong><\/p>\n<p>\u00d6B, s.228-232.<\/p>\n<p>Titta <a href=\"https:\/\/blogg.folkuniversitetet.nu\/avalan\/kurs-a2-del-2\/\">p\u00e5 filmerna till kap.18.<\/a><\/p>\n<p><strong>Skriv och ber\u00e4tta: Vad \u00e4r viktigt med ditt arbete? TB, s.221.<\/strong><\/p>\n<p>G\u00f6r de digitala uppgifterna f\u00f6r att tr\u00e4na adjektiv:<\/p>\n<p><a href=\"https:\/\/www.wordwall.net\/resource\/112338910\">Adjektiv i olika former<\/a><\/p>\n<p><a href=\"https:\/\/www.wordwall.net\/resource\/112339018\">Adjektiv test<\/a><\/p>\n<p><a href=\"https:\/\/www.wordwall.net\/resource\/112339527\">Diktamen<\/a><\/p>\n<p>&nbsp;<\/p>\n<p><strong>Lektion 7, den 27\/4<\/strong><\/p>\n<p>Vi gick igenom TB s.207-212.<\/p>\n<p><strong>L\u00e4xa:<\/strong><\/p>\n<p>Jobba med TB, s.212-217.<\/p>\n<p><strong>Skriv cirka 10 meningar med &#8221;se &#8230;ut&#8221;.<\/strong><\/p>\n<p>Tr\u00e4na p\u00e5 att ber\u00e4tta om din dr\u00f6mbostad:<\/p>\n<ol>\n<li><span style=\"font-weight: 400\"> Hur ser din dr\u00f6mbostad ut?<\/span><\/li>\n<li><span style=\"font-weight: 400\">Var ligger din dr\u00f6mbostad?<\/span><\/li>\n<li><span style=\"font-weight: 400\">Vad \u00e4r viktigt i din bostad?<\/span><\/li>\n<li><span style=\"font-weight: 400\">Vill du hyra din bostad eller k\u00f6pa?<\/span><\/li>\n<li><span style=\"font-weight: 400\">Teknik i hemmet (smart hem, internet, tv, k\u00f6ksteknik)<\/span><\/li>\n<li><span style=\"font-weight: 400\"> Vad kostar din dr\u00f6mbostad?<\/span><\/li>\n<li><span style=\"font-weight: 400\">Vem bor med dig i dr\u00f6mbostaden?<\/span><\/li>\n<\/ol>\n<p><strong>Lektion 6, den 22\/4<\/strong><\/p>\n<p>Vi gick igenom sidorna 218-219 i \u00d6B och s.204-206 i TB.<\/p>\n<p><strong>L\u00e4xa:<\/strong><\/p>\n<p><strong>V\u00e4lj en fr\u00e5ga och skriv en kort text TB, s.207H. Skicka till mig.<\/strong><\/p>\n<p>\u00d6B, s.220-225.<\/p>\n<p>Titta <a href=\"https:\/\/blogg.folkuniversitetet.nu\/avalan\/kurs-a2-del-2\/\">p\u00e5 filmerna till kap.17.<\/a><\/p>\n<p>Lyssna p\u00e5 sfipodden <a href=\"https:\/\/sfipodd.se\/min-bostad\/\"><em>Min bostad<\/em><\/a>!<\/p>\n<p>G\u00f6r<a href=\"https:\/\/www.wordwall.net\/resource\/95429477\"> den digitala uppgiften<\/a> och <a href=\"https:\/\/www.wordwall.net\/resource\/95427911\/sfi\/g%C3%A4rna-n%C3%A4ra\">skriv ditt namn<\/a> p\u00e5 Leaderboard!<\/p>\n<p><a href=\"https:\/\/www.wordwall.net\/resource\/92525422\">Adjektiv<\/a><\/p>\n<p>Lycka till!<\/p>\n<p>&nbsp;<\/p>\n<p><strong>Lektion 5, den 20\/4<\/strong><\/p>\n<p>Vi jobbade med sidorna 200-203.<\/p>\n<p><strong>L\u00e4xa:<\/strong><\/p>\n<p><strong>Skriv en kort text och ber\u00e4tta hur du bor eller hur du bodde f\u00f6rut. Anv\u00e4nd orden p\u00e5 s.203.<\/strong><\/p>\n<p>Jobba med \u00d6B, s.213-217.<\/p>\n<p>Forts\u00e4tt att titta p\u00e5 filmerna om F<a href=\"https:\/\/www.youtube.com\/watch?v=TtHldVnczK8&amp;list=PL6FQkC8yA6Y8qVgbOqC-ORPxpxNyD-Bj-\">\u00f6rsta maj och Valborg.<\/a><\/p>\n<p>Lycka till!<\/p>\n<p>&nbsp;<\/p>\n<p>&nbsp;<\/p>\n<p><strong>Lektion 4, onsdag den 15\/4<\/strong><\/p>\n<p>Vi jobbade med TB, s.196-199.<\/p>\n<p><strong>L\u00e4xa:<\/strong><\/p>\n<p><strong>Skriv 10 meningar som b\u00f6rjar med tidsadverbial eller platsadverbial.<\/strong> Titta p\u00e5 filmerna f\u00f6r att repetera omv\u00e4nd ordf\u00f6ljd:<\/p>\n<p><a href=\"https:\/\/www.youtube.com\/watch?v=dBSH_1MqYLs&amp;t=237s\">Omv\u00e4nd ordf\u00f6ljd 1<\/a><\/p>\n<p><a href=\"https:\/\/www.youtube.com\/watch?v=uQhCogbBuF4\">Omv\u00e4nd ordf\u00f6ljd 2<\/a><\/p>\n<p>G\u00f6r uppgifterna i \u00d6B till kap.16.<\/p>\n<p>Jobba med de digitala uppgifterna till kap.16 p\u00e5 www.nok.se (Extra material till Rivstart)<\/p>\n<p><strong>Extra uppgifter:<\/strong><\/p>\n<p>Forts\u00e4tt att titta p\u00e5 filmerna om F<a href=\"https:\/\/www.youtube.com\/watch?v=TtHldVnczK8&amp;list=PL6FQkC8yA6Y8qVgbOqC-ORPxpxNyD-Bj-\">\u00f6rsta maj och Valborg.<\/a><\/p>\n<p>G\u00f6r <em>Framstegstest 5<\/em>. R\u00e4kna dina po\u00e4ng och skicka ditt resultat till mig.<\/p>\n<p>Lycka till!<\/p>\n<p><strong>Lektion 3, den 13\/4<\/strong><\/p>\n<p>Vi gick igenom TB s.192-195. Nya ord fr\u00e5n lektionen: <strong>supertaggad, att g\u00e5 ut nian, att skolka, en ton\u00e5ring, en pluggh\u00e4st, att hoppa av skolan, att l\u00e5na ut pengar.<\/strong><\/p>\n<p><strong>L\u00e4xa:<\/strong><\/p>\n<p>\u00d6B, s.204-210. Kontrollera i facit p\u00e5 www.nok.se<\/p>\n<p><strong>Skriv en kort text om din skoltid och din utbildning<\/strong> (TB, s.199 Skriv). <em><strong>Anv\u00e4nd inte mobilen n\u00e4r du skriver!<\/strong><\/em><\/p>\n<p>Titta p\u00e5 filmerna<a href=\"https:\/\/blogg.folkuniversitetet.nu\/avalan\/kurs-a2-del-2\/\"> till kap.16<\/a><\/p>\n<p>G\u00f6r de digitala uppgifterna och skriv ditt namn p\u00e5 Leaderboard:<\/p>\n<p><a href=\"https:\/\/wordwall.net\/resource\/95238851\">Ordf\u00f6ljd i relativa bisatser<\/a><\/p>\n<p><a href=\"https:\/\/wordwall.net\/resource\/95238450\">Kombinera<\/a><\/p>\n<p><a href=\"https:\/\/wordwall.net\/resource\/110083645\">Partikelverb<\/a><\/p>\n<p>Extra uppgift:<\/p>\n<p>Titta p\u00e5 filmen om <a href=\"https:\/\/www.youtube.com\/watch?v=wcGpv1n_fjM\">Valborg<\/a><\/p>\n<p>Lycka till!<\/p>\n<p>&nbsp;<\/p>\n<p><strong>Lektion den 1\/4<\/strong><\/p>\n<p>Vi b\u00f6rjade jobba med kap.16 och gick igenom sidorna 187-189 i TB.<\/p>\n<p><strong>L\u00e4xa:<\/strong><\/p>\n<p>L\u00e4s texten Det svenska utbildningssystemet och lyssna p\u00e5 den p\u00e5 www.nok.se<\/p>\n<p>Skriv cirka 10 fr\u00e5gor till texten.<\/p>\n<p>G\u00f6r sidorna 200-203 i \u00d6B.<\/p>\n<p><em>Extra uppgifter:<\/em><\/p>\n<p>Titta p\u00e5\u00a0<a href=\"https:\/\/www.youtube.com\/watch?v=ka4Sv_eoXf0\">en film om svenska skolsystemet<\/a>.<\/p>\n<p>Lyssna p\u00e5\u00a0<a href=\"https:\/\/sfipodd.se\/studenten\/\">sfipodden Studenten<\/a>.<\/p>\n<p><a href=\"https:\/\/www.youtube.com\/watch?v=eZtBVZgzGFY\">P\u00e5sk i Sverige\u00a0<\/a> \u00a0\u00a0\u00a0\u00a0\u00a0<a href=\"https:\/\/www.youtube.com\/watch?v=x5soslxJCHs\">P\u00e5sk i Sverige<\/a><\/p>\n<p>N\u00e4sta lektion \u00e4r den 8\/4.<\/p>\n<p>Glad P\u00e5sk!<\/p>\n<p>\/Anna<\/p>\n<p>&nbsp;<\/p>\n<p>P\u00e5 kursen ska vi arbeta med <a href=\"https:\/\/www.akademibokhandeln.se\/bok\/rivstart-a1a2-textbok-tredje-upplagan\/9789127462342?utm_source=google&amp;utm_medium=cpc&amp;utm_campaign=Shopping%20%7C%20Brand&amp;gad_source=1&amp;gad_campaignid=22143481599&amp;gbraid=0AAAAADxcgsQzg26A18GcIUH0lcl2kRhjP&amp;gclid=Cj0KCQjwm6POBhCrARIsAIG58CK-DWLA3tUPwwDpGhBab7n4Vc-K6xZMZ4DJVBKkloNM2P397_nM2SYaAoynEALw_wcB\">textboken<\/a> och <a href=\"https:\/\/www.akademibokhandeln.se\/bok\/rivstart-a1a2-ovningsbok-tredje-upplagan\/9789127462366?utm_source=google&amp;utm_medium=cpc&amp;utm_campaign=Shopping%20%7C%20Brand&amp;gad_source=1&amp;gad_campaignid=22143481599&amp;gbraid=0AAAAADxcgsQzg26A18GcIUH0lcl2kRhjP&amp;gclid=Cj0KCQjwm6POBhCrARIsAIG58CIxx9DjLPY-bwWDyvBGGgaj7SXIeqcaw12siJ7xHyVhvZP6cilWwwcaApVfEALw_wcB\">\u00f6vningsboken<\/a> <em>Rivstart A1A2<\/em>, kap.16-20. Du kan hitta extra material till boken p\u00e5 www.nok.se<\/p>\n<p>H\u00e4r kan du titta p\u00e5 <a href=\"https:\/\/blogg.folkuniversitetet.nu\/avalan\/kurs-a2-del-2\/\">filmer till kursen<\/a>.<\/p>\n<p>Lycka till!<\/p>\n<p>\/Anna<\/p>\n","protected":false},"excerpt":{"rendered":"<p>Lektion 11, den 13\/5 Vi lyssnade p\u00e5 era presentationer om olika yrken. Sedan jobbade vi med s.229-230 i TB och s.234 i \u00d6B. L\u00e4xa: Titta p\u00e5 filmerna till kap.19. Jobba med s.234-241 i \u00d6B. L\u00e4s dialogerna p\u00e5 s.227 en g\u00e5ng till och skriv en egen dialog p\u00e5 jobbet. Anv\u00e4nd fraser fr\u00e5n dialogerna. Lycka till! &nbsp; [&hellip;]<\/p>\n","protected":false},"author":953,"featured_media":0,"parent":139,"menu_order":1,"comment_status":"closed","ping_status":"closed","template":"","meta":{"footnotes":""},"class_list":["post-883","page","type-page","status-publish","hentry","post-preview"],"_links":{"self":[{"href":"https:\/\/blogg.folkuniversitetet.nu\/avalan\/wp-json\/wp\/v2\/pages\/883","targetHints":{"allow":["GET"]}}],"collection":[{"href":"https:\/\/blogg.folkuniversitetet.nu\/avalan\/wp-json\/wp\/v2\/pages"}],"about":[{"href":"https:\/\/blogg.folkuniversitetet.nu\/avalan\/wp-json\/wp\/v2\/types\/page"}],"author":[{"embeddable":true,"href":"https:\/\/blogg.folkuniversitetet.nu\/avalan\/wp-json\/wp\/v2\/users\/953"}],"replies":[{"embeddable":true,"href":"https:\/\/blogg.folkuniversitetet.nu\/avalan\/wp-json\/wp\/v2\/comments?post=883"}],"version-history":[{"count":20,"href":"https:\/\/blogg.folkuniversitetet.nu\/avalan\/wp-json\/wp\/v2\/pages\/883\/revisions"}],"predecessor-version":[{"id":930,"href":"https:\/\/blogg.folkuniversitetet.nu\/avalan\/wp-json\/wp\/v2\/pages\/883\/revisions\/930"}],"up":[{"embeddable":true,"href":"https:\/\/blogg.folkuniversitetet.nu\/avalan\/wp-json\/wp\/v2\/pages\/139"}],"wp:attachment":[{"href":"https:\/\/blogg.folkuniversitetet.nu\/avalan\/wp-json\/wp\/v2\/media?parent=883"}],"curies":[{"name":"wp","href":"https:\/\/api.w.org\/{rel}","templated":true}]}}