{"id":863,"date":"2026-03-13T22:12:48","date_gmt":"2026-03-13T21:12:48","guid":{"rendered":"https:\/\/blogg.folkuniversitetet.nu\/avalan\/?page_id=863"},"modified":"2026-05-12T19:53:37","modified_gmt":"2026-05-12T18:53:37","slug":"kurs-a2-del-2-start-den-17-3","status":"publish","type":"page","link":"https:\/\/blogg.folkuniversitetet.nu\/avalan\/kurser\/kurs-a2-del-2-start-den-17-3\/","title":{"rendered":"Kurs A2 del 2, start den 17\/3, tisdagar"},"content":{"rendered":"<p><strong>Lektion 9, den 12\/5<\/strong><\/p>\n<p>Vi hade en kortare lektion p\u00e5 grund av internetavbrott. N\u00e4sta g\u00e5ng jobbar vi lite l\u00e4ngre.<\/p>\n<p>Vi jobbade med s.222 och repeterade adjektiv i best\u00e4md form. Vi diskuterade ocks\u00e5 serien <em>Fr\u00e5n sfi till arbete.<\/em><\/p>\n<p><strong>L\u00e4xa:<\/strong><\/p>\n<p><strong>L\u00e4s arbetsmejl p\u00e5 s.231. Skriv n\u00e5gra mejl till kollegor eller till din chef och skicka till mig.<\/strong><\/p>\n<p>Lyssna p\u00e5 texterna p\u00e5 s.224-225.<\/p>\n<p>Lycka till!<\/p>\n<p>&nbsp;<\/p>\n<p><strong>Lektion 8, den 5\/ 5<\/strong><\/p>\n<p>Vi jobbade med s.220-221 i TB och s.234-236 i \u00d6B.<\/p>\n<p><strong>L\u00e4xa:<\/strong><\/p>\n<p>G\u00f6r alla \u00f6vningar i \u00d6B till kap.18!<\/p>\n<p>G\u00f6r de digitala uppgifterna p\u00e5 www.nok.se<\/p>\n<p>Titta p\u00e5 ett avsnitt fr\u00e5n serien <a href=\"https:\/\/urplay.se\/serie\/232026-fran-sfi-till-arbete?gad_source=1&amp;gad_campaignid=23712504182&amp;gbraid=0AAAAACL0KtfuP8DtljUj4lzynL5-rGDtS&amp;gclid=CjwKCAjwtcHPBhADEiwAWo3sJtgfJ_NguJPX3RL5jit2a0HzdtzgVhD9RRFpP2z67ISQaWqXiPOSxhoCLYYQAvD_BwE\"><em>Fr\u00e5n sfi till arbete<\/em><\/a> och ber\u00e4tta p\u00e5 lektionen.<\/p>\n<p>Om du har tid, jobba med TB, s.222-223.<\/p>\n<p>G\u00f6r de digitala uppgifterna:<\/p>\n<p><a href=\"https:\/\/www.wordwall.net\/resource\/93648169\">St\u00e5r, h\u00e4nger eller ligger?<\/a><\/p>\n<p><a href=\"https:\/\/www.wordwall.net\/resource\/96168797\">Verbgrupper<\/a><\/p>\n<p><a href=\"https:\/\/www.wordwall.net\/resource\/85704782\">Substantivgrupper<\/a><\/p>\n<p>Lycka till!<\/p>\n<p>&nbsp;<\/p>\n<p><strong>Lektion 7, den 28\/4<\/strong><\/p>\n<p>Idag pratade vi om <em>F\u00f6rsta maj<\/em>. D\u00e4refter jobbade vi med s.214-217 i TB och \u00d6B s.228-230.<\/p>\n<p><strong>L\u00e4xa:<\/strong><\/p>\n<p>\u00d6B, s.231-234, kap.18.<\/p>\n<p>TB, s.218-219.<\/p>\n<p><strong>Skriv 10 meningar med <a href=\"https:\/\/www.youtube.com\/watch?v=Wlzjqh5vZlk\">adjektiv i best\u00e4md form<\/a>. Skicka till mig.<\/strong><\/p>\n<p>G\u00f6r de digitala uppgifterna f\u00f6r att tr\u00e4na adjektiv:<\/p>\n<p><a href=\"https:\/\/www.wordwall.net\/resource\/112338910\">Adjektiv i olika former<\/a><\/p>\n<p><a href=\"https:\/\/www.wordwall.net\/resource\/112339018\">Adjektiv test<\/a><\/p>\n<p><a href=\"https:\/\/www.wordwall.net\/resource\/112339527\">Diktamen<\/a><\/p>\n<p><strong>Extra uppgift:<\/strong><\/p>\n<p>Titta p\u00e5 ett avsnitt <a href=\"https:\/\/urplay.se\/serie\/232026-fran-sfi-till-arbete?gad_source=1&amp;gad_campaignid=23712504182&amp;gbraid=0AAAAACL0KtfuP8DtljUj4lzynL5-rGDtS&amp;gclid=CjwKCAjwtcHPBhADEiwAWo3sJtgfJ_NguJPX3RL5jit2a0HzdtzgVhD9RRFpP2z67ISQaWqXiPOSxhoCLYYQAvD_BwE\"><em>Fr\u00e5n sfi till arbete<\/em> <\/a>och ber\u00e4tta p\u00e5 lektionen.<\/p>\n<p>Lycka till!<\/p>\n<p>&nbsp;<\/p>\n<p><strong>Lektion 6, den 21\/4<\/strong><\/p>\n<p>Vi gick igenom TB, s.206-213.<\/p>\n<p><strong>L\u00e4xa:<\/strong><\/p>\n<p>\u00d6B, kap.17.<\/p>\n<p>TB, s.214-217.<\/p>\n<p><strong>Skriv en text om ditt dr\u00f6mboende. TB, s.217.<\/strong><\/p>\n<p>Lycka till!<\/p>\n<p>&nbsp;<\/p>\n<p><strong>Lektion 5, den 14\/4<\/strong><\/p>\n<p>Vi jobbade med \u00d6B, s.218-223.<\/p>\n<p><strong>L\u00e4xa:<\/strong><\/p>\n<p>\u00d6B, s.224-225.<\/p>\n<p>TB, kap.17, s.204-207.<\/p>\n<p><strong>V\u00e4lj en fr\u00e5ga p\u00e5 sidan 207 H i TB. Skriv en kort text utan mobil och skicka till mig eller l\u00e4s p\u00e5 lektionen.<\/strong><\/p>\n<p>Extra uppgift:<\/p>\n<p>Titta p\u00e5 filmerna om <a href=\"https:\/\/www.youtube.com\/watch?v=wcGpv1n_fjM\">Valborg\u00a0<\/a> och <a href=\"https:\/\/www.youtube.com\/watch?v=TtHldVnczK8\">F\u00f6rsta maj<\/a><\/p>\n<p>P\u00e5 lektionen diskuterade vi f\u00f6ljande fraser: <strong>h\u00f6gt i tak, att sova p\u00e5 saken<\/strong>. Titta p\u00e5 ett avsnitt <a href=\"https:\/\/www.youtube.com\/watch?v=nrX-TwO885I\"><em>Veckans fras<\/em><\/a> och ber\u00e4tta p\u00e5 lektionen om ett nytt uttryck.<\/p>\n<p>Lycka till!<\/p>\n<p>&nbsp;<\/p>\n<p><strong>Lektion 3, tisdag den 31\/3<\/strong><\/p>\n<p>Vi avslutade kap.16 och jobbade med sidan 208.<\/p>\n<p><strong>L\u00e4xa:\u00a0<\/strong><\/p>\n<p>Avsluta uppgifterna\u00a0 till kap.16 i \u00d6B.<\/p>\n<p>Skriv en kort text och ber\u00e4tta om din skoltid\u00a0 och din utbildning. Se s.199 i TB.<\/p>\n<p>G\u00f6r en ordlista med nya ord till kap.16.<\/p>\n<p><em>Extra uppgifter:<\/em><\/p>\n<p>Titta p\u00e5 filmer om p\u00e5sk i Sverige: <a href=\"https:\/\/www.youtube.com\/watch?v=eZtBVZgzGFY\">P\u00e5sk i Sverige\u00a0<\/a>\u00a0\u00a0\u00a0\u00a0\u00a0\u00a0<a href=\"https:\/\/www.youtube.com\/watch?v=x5soslxJCHs\">P\u00e5sk i Sverige<\/a><\/p>\n<p>Lycka till!<\/p>\n<p>&nbsp;<\/p>\n<p><strong>Lektion 2, tisdag den 24\/3<\/strong><\/p>\n<p>Vi gick igenom sidorna 192-193 i TB. Vi tr\u00e4nade p\u00e5 att ber\u00e4tta, st\u00e4lla fr\u00e5gor, h\u00f6ra och l\u00e4sa. Vi skrev korta texter f\u00f6r att tr\u00e4na grammatik och skrivf\u00f6rm\u00e5ga.<\/p>\n<p><strong>L\u00e4xa:<\/strong><\/p>\n<p>G\u00f6r s.204-207 i \u00d6B och kontrollera i facit. L\u00e4s ocks\u00e5 s194-195 i TB och g\u00f6r en ordlista med nya ord.<\/p>\n<p>Jobba med digitala \u00f6vningar p\u00e5 www.nok.se<\/p>\n<p>Titta p\u00e5 filmer till till <a href=\"https:\/\/blogg.folkuniversitetet.nu\/avalan\/kurs-a2-del-2\/\">kursen<\/a>.<\/p>\n<p>Skriv 10 meningar med SOM och l\u00e4s dem p\u00e5 lektionen.<\/p>\n<p>G\u00f6r <a href=\"https:\/\/wordwall.net\/resource\/95238851\/sfi\/ordf%C3%B6jd-i-relativa-bisatser-med-satsadverbial\">uppgiften<\/a> och skriv ditt namn p\u00e5 Leaderboard.<\/p>\n<p><em>Extra uppgift:<\/em><\/p>\n<p>Titta p\u00e5 serien <a href=\"https:\/\/urplay.se\/serie\/239258-mitt-nya-land?gad_source=1&amp;gad_campaignid=23623918314&amp;gbraid=0AAAAACL0KtcaB__Aypze1XPh52UP8QfIj&amp;gclid=Cj0KCQjwj47OBhCmARIsAF5wUEHhBg_nEnrnzTYYCZf5jg7zxF6VZ3r9BQMXEZAPaN3LaIQHJumFjzUaAsKPEALw_wcB\">Mitt nya land<\/a> . Ber\u00e4tta p\u00e5 lektionen.<\/p>\n<p>Lycka till!<\/p>\n<p>&nbsp;<\/p>\n<p><strong>Lektion 1, tisdag den 17\/3<\/strong><\/p>\n<p>Vi jobbade med s.187-191.<\/p>\n<p><strong>L\u00e4xa:<\/strong><\/p>\n<p>L\u00e4s texten p\u00e5 s.190-191 och skriv 10 fr\u00e5gor till den.<\/p>\n<p>Tr\u00e4na p\u00e5 att ber\u00e4tta om utbildningssystemet i ditt land.<\/p>\n<p>G\u00f6r s.200-203 i \u00d6B och kontrollera dina svar i facit p\u00e5 www.nok.se<\/p>\n<p>H\u00e4r kan ni hitta filmer till <a href=\"https:\/\/blogg.folkuniversitetet.nu\/avalan\/kurs-a2-del-2\/\">kursen<\/a>.<\/p>\n<p><em>Extra uppgifter:<\/em><\/p>\n<p>Titta p\u00e5 <a href=\"https:\/\/www.youtube.com\/watch?v=ka4Sv_eoXf0\">en film om svenska skolsystemet<\/a>.<\/p>\n<p>Lyssna p\u00e5 <a href=\"https:\/\/sfipodd.se\/studenten\/\">sfipodden Studenten<\/a>.<\/p>\n<p><a href=\"https:\/\/www.youtube.com\/watch?v=4kQKuJnltZ0\">Uttal -sj-ljudet<\/a><\/p>\n<p>Lycka till!<\/p>\n<p>\/Anna<\/p>\n<p>&nbsp;<\/p>\n","protected":false},"excerpt":{"rendered":"<p>Lektion 9, den 12\/5 Vi hade en kortare lektion p\u00e5 grund av internetavbrott. N\u00e4sta g\u00e5ng jobbar vi lite l\u00e4ngre. Vi jobbade med s.222 och repeterade adjektiv i best\u00e4md form. Vi diskuterade ocks\u00e5 serien Fr\u00e5n sfi till arbete. L\u00e4xa: L\u00e4s arbetsmejl p\u00e5 s.231. Skriv n\u00e5gra mejl till kollegor eller till din chef och skicka till mig. [&hellip;]<\/p>\n","protected":false},"author":953,"featured_media":0,"parent":139,"menu_order":0,"comment_status":"closed","ping_status":"closed","template":"","meta":{"footnotes":""},"class_list":["post-863","page","type-page","status-publish","hentry","post-preview"],"_links":{"self":[{"href":"https:\/\/blogg.folkuniversitetet.nu\/avalan\/wp-json\/wp\/v2\/pages\/863","targetHints":{"allow":["GET"]}}],"collection":[{"href":"https:\/\/blogg.folkuniversitetet.nu\/avalan\/wp-json\/wp\/v2\/pages"}],"about":[{"href":"https:\/\/blogg.folkuniversitetet.nu\/avalan\/wp-json\/wp\/v2\/types\/page"}],"author":[{"embeddable":true,"href":"https:\/\/blogg.folkuniversitetet.nu\/avalan\/wp-json\/wp\/v2\/users\/953"}],"replies":[{"embeddable":true,"href":"https:\/\/blogg.folkuniversitetet.nu\/avalan\/wp-json\/wp\/v2\/comments?post=863"}],"version-history":[{"count":17,"href":"https:\/\/blogg.folkuniversitetet.nu\/avalan\/wp-json\/wp\/v2\/pages\/863\/revisions"}],"predecessor-version":[{"id":928,"href":"https:\/\/blogg.folkuniversitetet.nu\/avalan\/wp-json\/wp\/v2\/pages\/863\/revisions\/928"}],"up":[{"embeddable":true,"href":"https:\/\/blogg.folkuniversitetet.nu\/avalan\/wp-json\/wp\/v2\/pages\/139"}],"wp:attachment":[{"href":"https:\/\/blogg.folkuniversitetet.nu\/avalan\/wp-json\/wp\/v2\/media?parent=863"}],"curies":[{"name":"wp","href":"https:\/\/api.w.org\/{rel}","templated":true}]}}