{"id":834,"date":"2026-02-22T21:10:06","date_gmt":"2026-02-22T20:10:06","guid":{"rendered":"https:\/\/blogg.folkuniversitetet.nu\/avalan\/?page_id=834"},"modified":"2026-05-12T20:00:11","modified_gmt":"2026-05-12T19:00:11","slug":"kurs-b1-del-1-start-den-24-2","status":"publish","type":"page","link":"https:\/\/blogg.folkuniversitetet.nu\/avalan\/kurser\/kurs-b1-del-1-start-den-24-2\/","title":{"rendered":"Kurs B1 del 1, start den 24\/2"},"content":{"rendered":"<p><strong>Lektion 12, den 12\/5<\/strong><\/p>\n<p>Vi jobbade med sidorna 39-40 i TB.<\/p>\n<p>L\u00e4xa:<\/p>\n<p><strong>V\u00e4lj ett citat p\u00e5 s.39 i TB och skriv en kort text om det. Skicka till mig.<\/strong><\/p>\n<p>Lyssna p\u00e5 dialogerna p\u00e5 s.41 och tr\u00e4na uttal.<\/p>\n<p>Forts\u00e4tt med \u00d6B, s.48-50.<\/p>\n<p>Titta p\u00e5 n\u00e5gra filmer om <a href=\"https:\/\/www.youtube.com\/watch?v=Wlzjqh5vZlk\">adjektiv\u00a0<\/a> \u00a0och <a href=\"https:\/\/www.youtube.com\/watch?v=H-8QOBsSaN8\">partikelverb<\/a><\/p>\n<p>\/Anna<\/p>\n<p><strong>Lektion 11, den 5\/5<\/strong><\/p>\n<p>Vi lyssnade p\u00e5 era presentationer och vi ska forts\u00e4tta med dem n\u00e4sta vecka. Sedan gick vi igenom sidorna 37 och 38 i TB.<\/p>\n<p><strong>L\u00e4xa:<\/strong><\/p>\n<p>\u00d6B, s.44-47. Kontrollera i facit p\u00e5 www.nok.se<\/p>\n<p><strong>Skriv 10 meningar med konjunktioner p\u00e5 s.40 och skicka till mig.<\/strong><\/p>\n<p>G\u00f6r de extra uppgifterna som jag har skickat!<\/p>\n<p>G\u00f6r de digitala uppgifterna och skriv ditt namn p\u00e5 <em>Leaderboard<\/em>:<\/p>\n<p><a href=\"https:\/\/www.wordwall.net\/resource\/112338910\">Adjektiv i olika former<\/a><\/p>\n<p><a href=\"https:\/\/www.wordwall.net\/resource\/112339527\/sfi\/diktamen-adjektiv\">Diktamen\u00a0<\/a><\/p>\n<p>\/Anna<\/p>\n<p>&nbsp;<\/p>\n<p><strong>Lektion 10, den 28\/4<\/strong><\/p>\n<p>Idag pratade vi om F\u00f6rsta maj och Valborg. Vi jobbade ocks\u00e5 med TB, s.36-37.<\/p>\n<p><strong>L\u00e4xa:<\/strong><\/p>\n<p>Jobba med \u00d6B, s.40-45. TItta p\u00e5 filmen om <a href=\"https:\/\/www.youtube.com\/watch?v=Wlzjqh5vZlk\">adj i olika former.<\/a><\/p>\n<p><strong>Skriv en kort text sj\u00e4lv och ber\u00e4tta om en kulturpersonlighet (TB, s.36).<\/strong><\/p>\n<p>Lycka till!<\/p>\n<p>&nbsp;<\/p>\n<p><strong>Lektion 9, den 21\/4<\/strong><\/p>\n<p>Vi jobbade med TB, s.31-35.<\/p>\n<p><strong>L\u00e4xa:<\/strong><\/p>\n<p>G\u00f6r alla sidor till kap.2 i \u00d6B!<\/p>\n<p>Jobba med de digitala \u00f6vningarna p\u00e5 www.nok.se<\/p>\n<p><strong>Repetera alla nya ord till kap.2 och skriv 10-15 meningar med dem. Skicka dina meningar till mig.<\/strong><\/p>\n<p>Extra uppgifter:<\/p>\n<p>G\u00f6r uppgifter p\u00e5 papper som jag har skickat!<\/p>\n<p>Titta p\u00e5 filmerna om <a href=\"https:\/\/www.youtube.com\/watch?v=TtHldVnczK8\">Valborg och F\u00f6rsta maj.<\/a><\/p>\n<p>Lycka till!<\/p>\n<p>&nbsp;<\/p>\n<p><strong>Lektion 8, den 14\/4<\/strong><\/p>\n<p>Vi gick igenom TB, s.29-31. Nya ord: <strong>att gifta <em>om<\/em> sig, en skilsm\u00e4ssa, skamlig, att beundra, dr\u00f6msk, en make\/makar, en konstsamling, en m\u00e5lning, ett verk<\/strong><\/p>\n<p><strong>L\u00e4xa:<\/strong><\/p>\n<p>L\u00e4s texten om Eugene Jansson och lyssna p\u00e5 den p\u00e5 www.nok.se. Tr\u00e4na p\u00e5 att prata om konstn\u00e4ren.<\/p>\n<p>G\u00f6r en ordlista med nya ord fr\u00e5n texten.<\/p>\n<p>Jobba med \u00d6B, s.35-37.<\/p>\n<p><strong>Extra l\u00e4xa:<\/strong><\/p>\n<p>G\u00f6r uppgifter p\u00e5 papper som jag har skickat till er.<\/p>\n<p>Lycka till!<\/p>\n<p>&nbsp;<\/p>\n<p><strong>Lektion 6, den 31\/3<\/strong><\/p>\n<p>Vi jobbade med TB, s.22-23 och \u00d6B s.27.<\/p>\n<p><strong>L\u00e4xa:<\/strong><\/p>\n<p>\u00d6B, s.27-32.<\/p>\n<p>TB, s.24-25.<\/p>\n<p><strong>Skriv en kort text om ett citat p\u00e5 sidan 22. Skicka till mig. Skriv minst 5 meningar som b\u00f6rjar med en bisats i din text.<\/strong><\/p>\n<p><a href=\"https:\/\/blogg.folkuniversitetet.nu\/avalan\/filmer-till-kurs-b1-del1\/\">Filmer till kap.2<\/a><\/p>\n<p>Jobba med de digitala \u00f6vningarna p\u00e5 www.nok.se<\/p>\n<p>G\u00f6r de digitala uppgifterna. Skriv ditt namn p\u00e5 <em>Leaderboard:<\/em><\/p>\n<p><a href=\"https:\/\/www.wordwall.net\/resource\/110501334\">Reflexiva verb<\/a><\/p>\n<p><a href=\"https:\/\/www.wordwall.net\/resource\/110501480\">Verbgrupp 3<\/a><\/p>\n<p><a href=\"https:\/\/www.wordwall.net\/resource\/110501713\">Verbgrupp 2B<\/a><\/p>\n<p><a href=\"https:\/\/www.wordwall.net\/resource\/110501767\">Verbgrupp 2A<\/a><\/p>\n<p>Extra uppgifter:<\/p>\n<p>Titta p\u00e5 filmer om p\u00e5sk i Sverige <a href=\"https:\/\/www.youtube.com\/watch?v=eZtBVZgzGFY\">P\u00e5sk i Sverige\u00a0<\/a>\u00a0\u00a0\u00a0\u00a0\u00a0\u00a0<a href=\"https:\/\/www.youtube.com\/watch?v=x5soslxJCHs\">P\u00e5sk i Sverige<\/a><\/p>\n<p>Glad P\u00e5sk!<\/p>\n<p>\/Anna<\/p>\n<p>&nbsp;<\/p>\n<p><strong>Lektion 5, den 24\/3<\/strong><\/p>\n<p>Vi gick igenom s.16-19 i TB och s.20 i \u00d6B.<\/p>\n<p><strong>L\u00e4xa:<\/strong><\/p>\n<p><strong>1.V\u00e4lj en av fr\u00e5gorna och f\u00f6rbered ett muntligt svar p\u00e5 2-3 minuter. Ge minst 2 argument. Anv\u00e4nd sambandsord (f\u00f6r det f\u00f6rsta, dessutom, \u00e5 andra sidan, d\u00e4rf\u00f6r, till exempel). :<\/strong><\/p>\n<ol>\n<li>\u00c4r lagidrott b\u00e4ttre \u00e4n individuell sport?<\/li>\n<li>Ska barn t\u00e4vla i sport eller bara ha roligt?<\/li>\n<li>\u00c4r e-sport en riktig sport?<\/li>\n<\/ol>\n<p>2. Arbeta med digitala uppgifter till kap.1 p\u00e5 www.nok.se<\/p>\n<p>3. Lyssna p\u00e5 s\u00e5ngen om du inte har gjort det.<\/p>\n<p>4. G\u00f6r uppgfgifterna digitalt:\u00a0 <a href=\"https:\/\/wordwall.net\/resource\/110083645\">Partikelverb<\/a><\/p>\n<p>5. \u00d6B, s.23-26<\/p>\n<p>Lycka till!<\/p>\n<p>&nbsp;<\/p>\n<p><strong>Lektion 4, den 17\/3<\/strong><\/p>\n<p>Vi jobbade med TB s.18, 19 och \u00d6B s.14-15.<\/p>\n<p><strong>L\u00e4xa:<\/strong><\/p>\n<p>G\u00f6r s.16-21 i \u00d6B<\/p>\n<p><strong>Skriv en kort text i uppgiften <em>Skriv<\/em> p\u00e5 s.21. Skicka till mig.<\/strong><\/p>\n<p>Forts\u00e4tt att titta p\u00e5 <a href=\"https:\/\/blogg.folkuniversitetet.nu\/avalan\/filmer-till-kurs-b1-del1\/\">filmerna till kap.1.<\/a><\/p>\n<p><strong>Extra:\u00a0<\/strong><\/p>\n<p>Lyssna p\u00e5 s\u00e5ngen. V\u00e4lj en fas som du tycker om och ber\u00e4tta varf\u00f6r du tycker om den.<\/p>\n<p><iframe loading=\"lazy\" title=\"Per Gessle - H\u00e4r kommer alla k\u00e4nslorna\" width=\"676\" height=\"507\" src=\"https:\/\/www.youtube.com\/embed\/l5O0c5KLvT8?feature=oembed\" frameborder=\"0\" allow=\"accelerometer; autoplay; clipboard-write; encrypted-media; gyroscope; picture-in-picture; web-share\" referrerpolicy=\"strict-origin-when-cross-origin\" allowfullscreen><\/iframe><\/p>\n<p><strong>Lektion 3, den 10\/3<\/strong><\/p>\n<p>Vi repeterade substantiv i plural och sammanfattade texten<em> Fritid f\u00f6rr och nu<\/em>. Vi tr\u00e4nade ocks\u00e5 p\u00e5 att skilja adverb fr\u00e5n adjektiv och gick igenom sidorna 16-17 i TB.<\/p>\n<p><strong>L\u00e4xa:<\/strong><\/p>\n<p>G\u00f6r sidorna 18 och 19 i TB.<\/p>\n<p><strong>Din kompis \u00e4r tr\u00f6tt p\u00e5 kv\u00e4llarna och orkar inte tr\u00e4na. Skriv ett mejl till henne\/honom och ber\u00e4tta varf\u00f6r det \u00e4r bra att r\u00f6ra p\u00e5 sig. Anv\u00e4nd adjektiv och adverb n\u00e4r du skriver. Skicka texten till mig.<\/strong><\/p>\n<p>Forts\u00e4tt att titta p\u00e5 <a href=\"https:\/\/blogg.folkuniversitetet.nu\/avalan\/filmer-till-kurs-b1-del1\/\">filmerna till kap.1.<\/a><\/p>\n<p>G\u00f6r s.12-15 i \u00d6B.<\/p>\n<p>Extra uppgift:<\/p>\n<p>Lyssna p\u00e5 sfipodden <a href=\"https:\/\/sfipodd.se\/borja-trana\/\"><em>B\u00f6rja tr\u00e4na<\/em><\/a> f\u00f6r att f\u00e5 inspiration.<\/p>\n<p>Lycka till!<\/p>\n<p>&nbsp;<\/p>\n<p><strong>Lektion 2, den 3\/3<\/strong><\/p>\n<p>Vi jobbade med texten p\u00e5 s.12- 13 i TB.<\/p>\n<p><strong>L\u00e4xa:<\/strong><\/p>\n<p>TB s.14-16.<\/p>\n<p><strong>Tr\u00e4na p\u00e5 att prata om dig sj\u00e4lv: <em>\u00c4r du en hurtbulle eller en soffpotatis?<\/em><\/strong><\/p>\n<p>\u00d6B s.10-13.<\/p>\n<p>Forts\u00e4tt att titta p\u00e5 <a href=\"https:\/\/blogg.folkuniversitetet.nu\/avalan\/filmer-till-kurs-b1-del1\/\">filmerna till kap.1.<\/a><\/p>\n<p>Lycka till!<\/p>\n<p>&nbsp;<\/p>\n<p><strong>Lektion 1, den 24\/2<\/strong><\/p>\n<p>V\u00e4lkomna till kursen!<\/p>\n<p>Idag b\u00f6rjade vi arbeta med kap.1 och gick igenom sidorna 8-10 i textboken och sidan7 i \u00f6vningsboken.<\/p>\n<p><strong>L\u00e4xa:<\/strong><\/p>\n<p>1.Titta p\u00e5 filmerna h\u00e4r och repetera substantiv i plural. Skriv n\u00e4r du tittar:<\/p>\n<p><a href=\"https:\/\/www.youtube.com\/watch?v=ftcMF8ueVZM\">Substantiv i plural<\/a><\/p>\n<p><a href=\"https:\/\/www.youtube.com\/watch?v=imBjYAksXPY\">Substantiv i plural (2)<\/a><\/p>\n<p><a href=\"https:\/\/www.youtube.com\/watch?v=BhVtuSZbG9g\">sfugunilla plural<\/a><\/p>\n<p><a href=\"https:\/\/www.youtube.com\/watch?v=9igLEYh1-CA\">sfugunilla substantiv sing och plural<\/a><\/p>\n<p>2. <strong>Skriv en kort text och svara p\u00e5 fr\u00e5gan: <em>Vad brukar man g\u00f6ra i andra l\u00e4nder p\u00e5 fritiden? (<\/em>textboken s.11).<\/strong><\/p>\n<p>3. Jobba med \u00f6vningsboken s.7 -9. Kontrollera dina svar i facit p\u00e5 www.nok.se<\/p>\n<p>4. G\u00f6r <a href=\"https:\/\/wordwall.net\/resource\/97738396\">den digitala uppgiften<\/a> och skriv ditt namn p\u00e5 <em>Leaderboard.<\/em><\/p>\n<p>Lycka till!<\/p>\n<p>\/Anna<\/p>\n","protected":false},"excerpt":{"rendered":"<p>Lektion 12, den 12\/5 Vi jobbade med sidorna 39-40 i TB. L\u00e4xa: V\u00e4lj ett citat p\u00e5 s.39 i TB och skriv en kort text om det. Skicka till mig. Lyssna p\u00e5 dialogerna p\u00e5 s.41 och tr\u00e4na uttal. Forts\u00e4tt med \u00d6B, s.48-50. Titta p\u00e5 n\u00e5gra filmer om adjektiv\u00a0 \u00a0och partikelverb \/Anna Lektion 11, den 5\/5 Vi [&hellip;]<\/p>\n","protected":false},"author":953,"featured_media":0,"parent":139,"menu_order":0,"comment_status":"closed","ping_status":"closed","template":"","meta":{"footnotes":""},"class_list":["post-834","page","type-page","status-publish","hentry","post-preview"],"_links":{"self":[{"href":"https:\/\/blogg.folkuniversitetet.nu\/avalan\/wp-json\/wp\/v2\/pages\/834","targetHints":{"allow":["GET"]}}],"collection":[{"href":"https:\/\/blogg.folkuniversitetet.nu\/avalan\/wp-json\/wp\/v2\/pages"}],"about":[{"href":"https:\/\/blogg.folkuniversitetet.nu\/avalan\/wp-json\/wp\/v2\/types\/page"}],"author":[{"embeddable":true,"href":"https:\/\/blogg.folkuniversitetet.nu\/avalan\/wp-json\/wp\/v2\/users\/953"}],"replies":[{"embeddable":true,"href":"https:\/\/blogg.folkuniversitetet.nu\/avalan\/wp-json\/wp\/v2\/comments?post=834"}],"version-history":[{"count":18,"href":"https:\/\/blogg.folkuniversitetet.nu\/avalan\/wp-json\/wp\/v2\/pages\/834\/revisions"}],"predecessor-version":[{"id":929,"href":"https:\/\/blogg.folkuniversitetet.nu\/avalan\/wp-json\/wp\/v2\/pages\/834\/revisions\/929"}],"up":[{"embeddable":true,"href":"https:\/\/blogg.folkuniversitetet.nu\/avalan\/wp-json\/wp\/v2\/pages\/139"}],"wp:attachment":[{"href":"https:\/\/blogg.folkuniversitetet.nu\/avalan\/wp-json\/wp\/v2\/media?parent=834"}],"curies":[{"name":"wp","href":"https:\/\/api.w.org\/{rel}","templated":true}]}}