{"id":639,"date":"2025-09-12T09:36:08","date_gmt":"2025-09-12T08:36:08","guid":{"rendered":"https:\/\/blogg.folkuniversitetet.nu\/avalan\/?page_id=639"},"modified":"2025-11-10T22:31:54","modified_gmt":"2025-11-10T21:31:54","slug":"svenska-b1-del-1-mandag-onsdag","status":"publish","type":"page","link":"https:\/\/blogg.folkuniversitetet.nu\/avalan\/avslutade-kurser\/svenska-b1-del-1-mandag-onsdag\/","title":{"rendered":"Svenska B1 del 1, m\u00e5ndag-onsdag"},"content":{"rendered":"<p><strong>Lektion 14, den 3\/11<\/strong><\/p>\n<p>Vi jobbade med sidorna 46-48 i textboken.<\/p>\n<p><strong>L\u00e4xa:<\/strong><\/p>\n<p>L\u00e4s texten p\u00e5 s.48 och 49. G\u00f6r en ordlista med nya ord.<\/p>\n<p>Jobba med \u00f6vningsboken s.48-52.<\/p>\n<p>G\u00f6r <em>Framstegstest 1<\/em> som jag ska skicka till er. Mejla ditt resultat till mig.<\/p>\n<p>Lycka till!<\/p>\n<p>&nbsp;<\/p>\n<p><strong>Lektion 13, den 29\/10<\/strong><\/p>\n<p>Vi gick igenom sidorna 44-45 i textboken.<\/p>\n<p><strong>L\u00e4xa:<\/strong><\/p>\n<p>Lyssna p\u00e5 texten p\u00e5 s.46-47 p\u00e5 www.nok.se och tr\u00e4na uttal genom att s\u00e4ga efter.<\/p>\n<p><strong>Skriv en kort text och ber\u00e4tta om n\u00e5gra saker fr\u00e5n texten som du tycker \u00e4r intressanta, nya eller konstiga. Uppgift F p\u00e5 s.45.<\/strong><\/p>\n<p>G\u00f6r uppgifter som jag har skickat.<\/p>\n<p>Lycka till!<\/p>\n<p>&nbsp;<\/p>\n<p><strong>Lektion 12, den 27\/10<\/strong><\/p>\n<p>Vi jobbade med sidorna 42-43 i textboken och s.47 i \u00f6vningsboken.<\/p>\n<p><strong>L\u00e4xa:<\/strong><\/p>\n<p>Forts\u00e4tt med \u00f6vningsboken s.50-51 och textboken s.44.<\/p>\n<p>G\u00f6r uppgifter som jag ska skicka till er!<\/p>\n<p>Titta p\u00e5 filmen om <a href=\"https:\/\/www.youtube.com\/watch?v=VTBtbtzjCQM\">Halloween och Alla Helgons Dag!<\/a><\/p>\n<p>Lycka till!<\/p>\n<p>&nbsp;<\/p>\n<p><strong>Lektion 11, den 22\/10<\/strong><\/p>\n<p>Vi arbetade med sidorna 39-41 i textboken och \u00f6vningsboken s.43-46.<\/p>\n<p><strong>L\u00e4xa:<\/strong><\/p>\n<p>Jobba med \u00f6vningsboken s.47-49 och textboken sidan 42.<\/p>\n<p><strong>Skriv cirka 10 meningar med orden i rutan p\u00e5 s.42 (<em>drygt &#8230;tj\u00e4na<\/em>).\u00a0 L\u00e4s dina meningar med svensk prosodi. Spela in en fil och skicka till mig.<\/strong><\/p>\n<p>Titta p\u00e5 filmen <a href=\"https:\/\/www.youtube.com\/watch?v=lADG_A62XKo\"><em>Man, en, ens<\/em> <\/a>och g\u00f6r uppgiften som jag skickar.<\/p>\n<p><a href=\"https:\/\/www.youtube.com\/watch?v=E0D7BsLYTA8\">Tr\u00e4na uttal och prosodi.<\/a><\/p>\n<p>Lycka till!<\/p>\n<p>&nbsp;<\/p>\n<p><strong>Lektion 10, den 20\/10<\/strong><\/p>\n<p>Vi gick igenom sidorna 37-38 i textboken och sidorna 40-41 i \u00f6vningsboken.<\/p>\n<p><strong>L\u00e4xa:<\/strong><\/p>\n<p>G\u00f6r sidorna 42-47 i \u00f6vningsboken.<\/p>\n<p>Titta p\u00e5 filmen f\u00f6r att repetera <a href=\"https:\/\/www.youtube.com\/watch?v=fkNDIzGJZc0\">konjunktioner.<\/a><\/p>\n<p>Lycka till!<\/p>\n<p>&nbsp;<\/p>\n<p><strong>Lektion 9, den 15\/10<\/strong><\/p>\n<p>Vi jobbade med \u00f6vningsboken sidorna 35-37.<\/p>\n<p><strong>L\u00e4xa:<\/strong><\/p>\n<p>Jobba med \u00f6vningsboken s.40-44 och textboken s.37.<\/p>\n<p><strong>Skriv en kort text om ett citat p\u00e5 s.37. H\u00e5ller du med? Varf\u00f6r\/varf\u00f6r inte?<\/strong><\/p>\n<p>Lycka till!<\/p>\n<p>&nbsp;<\/p>\n<p><strong>Lektion 8, den 13\/10<\/strong><\/p>\n<p>Vi lyssnade p\u00e5 era ber\u00e4ttelser om n\u00e5gra k\u00e4nda konstn\u00e4rer. Vi \u00e4r nu klara med kap.2 i textboken och \u00e4r p\u00e5 sidan 32 i \u00f6vningsboken.<\/p>\n<p><strong>L\u00e4xa till onsdagen:<\/strong><\/p>\n<p><strong>Textboken s.36. Uppgiften Skriva. Skriv en kort text om en kulturpersonlighet fr\u00e5n ditt land.\u00a0<\/strong><\/p>\n<p>H\u00e4r kommer n\u00e5gra digitala \u00f6vningar:<\/p>\n<p><a href=\"https:\/\/wordwall.net\/resource\/92236517\">Bisatser<\/a><\/p>\n<p><a href=\"https:\/\/wordwall.net\/resource\/94723100\">Tack vare eller p\u00e5 grund av?<\/a><\/p>\n<p><a href=\"https:\/\/wordwall.net\/resource\/99611673\">Rykte eller respekt?<\/a><\/p>\n<p>Lycka till!<\/p>\n<p>&nbsp;<\/p>\n<p><strong>Lektion 7, den 8\/10<\/strong><\/p>\n<p>Vi gick igenom sidorna 28-31 i textboken och sidorna 26-28 i \u00f6vningsboken.<\/p>\n<p><strong>L\u00e4xa:<\/strong><\/p>\n<p><strong>L\u00e4s texterna om <a href=\"https:\/\/www.youtube.com\/watch?v=l2JY9q9OzEA\">Eugene Jansson<\/a> och <a href=\"https:\/\/www.youtube.com\/watch?v=ILF2QsA7Hps\">Hilma af Klint<\/a> och lyssna p\u00e5 dem p\u00e5 www.nok.se. G\u00f6r en ordlista. Tr\u00e4na p\u00e5 att prata om en av konstn\u00e4rerna.<\/strong><\/p>\n<p>G\u00f6r sidorna 29-32 i \u00f6vningsboken.<\/p>\n<p>G\u00f6r uppgifterna<a href=\"https:\/\/wordwall.net\/resource\/99264010\"> <i>Prepositioner \u00a0 \u00a0 <\/i><\/a>och <a href=\"https:\/\/wordwall.net\/resource\/99264457\"><em>\u00d6va ord<\/em>.<\/a>\u00a0 Skriv ditt namn p\u00e5 <em>Leaderboard<\/em>.<\/p>\n<p>Titta p\u00e5 filmerna om bisatser!<\/p>\n<p><a href=\"https:\/\/www.youtube.com\/watch?v=EyE71PNMWDM\">Bisatser f\u00f6re huvudsatser\u00a0\u00a0<\/a><\/p>\n<p><a href=\"https:\/\/www.youtube.com\/watch?v=mnntKXspn_o\">Satsadverbial i bisatser<\/a><\/p>\n<p>Lycka till!<\/p>\n<p>&nbsp;<\/p>\n<p><strong>Lektion 6, den 6\/10<\/strong><\/p>\n<p>Vi jobbade med sidorna 24-27 i textboken och sidorna 23-25 i \u00f6vningsboken.<\/p>\n<p><strong>L\u00e4xa:<\/strong><\/p>\n<p>Jobba med \u00f6vningsboken sidorna 25-32.<\/p>\n<p>Lycka till!<\/p>\n<p>&nbsp;<\/p>\n<p><strong>Lektion 5, den 1\/10<\/strong><\/p>\n<p>Vi gick igenom sidorna 18-21 i \u00f6vningsboken och s.22-23 i textboken.<\/p>\n<p><strong>L\u00e4xa:<\/strong><\/p>\n<p>1.G\u00f6r sidorna 23-28 i \u00f6vningsboken.<\/p>\n<p>2. Titta p\u00e5 filmerna om pronomen: <a href=\"https:\/\/www.youtube.com\/watch?v=y5D2A4qBZpU\">sfigunilla reflexiva pronomen,\u00a0<\/a><\/p>\n<p><a href=\"https:\/\/www.youtube.com\/watch?v=gY05fZ7dlMM\">reflexiva pronomen och reflexiva verb<\/a><\/p>\n<p>3. Titta p\u00e5 filmerna om uttal: <a href=\"https:\/\/www.youtube.com\/watch?v=U82ospRgS08\">h\u00e5rda och mjuka vokaler<\/a><\/p>\n<p><a href=\"https:\/\/www.youtube.com\/watch?v=ON8bUys--Bw\">l\u00e5nga och korta vokaler<\/a><\/p>\n<p><strong>4. Skriv en kort text och ber\u00e4tta:<em> Vilket citat p\u00e5 sidan 22 tycker du b\u00e4st om? Varf\u00f6r?<\/em> Skicka texten till mig.<\/strong><\/p>\n<p>Lycka till!<\/p>\n<p>&nbsp;<\/p>\n<p><strong>Lektion 4, den 29\/9<\/strong><\/p>\n<p>Vi jobbade med sidorna 20-21 i textboken och sidorna 11-17 i \u00f6vningsboken.<\/p>\n<p><strong>L\u00e4xa:<\/strong><\/p>\n<p>Arbeta med \u00f6vningsboken sidorna 18-21.<\/p>\n<p><a href=\"https:\/\/wordwall.net\/resource\/98438676\">Skriv adjektivet som passar b\u00e4st!<\/a><\/p>\n<p>G\u00f6r en ordlista med nya ord!<\/p>\n<p>Lycka till!<\/p>\n<p>&nbsp;<\/p>\n<p><strong>Lektion 3, onsdag den 24\/9<\/strong><\/p>\n<p>Vi gick igenom sidorna 16-19 i textboken och sidan 10 i \u00f6vningsboken.<\/p>\n<p><strong>L\u00e4xa:<\/strong><\/p>\n<p>\u00d6vningsboken s.11-15.<\/p>\n<p><strong>V\u00e4lj en av uppgifterna p\u00e5 sidan 21 i textboken och skriv en text. Skicka till mig p\u00e5 anna.avall@folkuniversitetet.se<\/strong><\/p>\n<p>G\u00f6r en ordlista med nya ord fr\u00e5n kap 1 fr\u00e5n textboken och \u00f6vningsboken! Skriv 10-15 nya ord!<\/p>\n<p><a href=\"https:\/\/blogg.folkuniversitetet.nu\/avalan\/filmer-till-kurs-b1-del1\/\">Titta p\u00e5 filmerna till kap.1!<\/a><\/p>\n<p>Lycka till!<\/p>\n<p>&nbsp;<\/p>\n<p><strong>Lektion 2, m\u00e5ndag den 23\/9<\/strong><\/p>\n<p>Vi jobbade med sidorna 11-13 i boken och sidorna 8-9 i \u00f6vningsboken.<\/p>\n<p><strong>L\u00e4xa:<\/strong><\/p>\n<p>G\u00f6r sidorna 14-17 i textboken och sidorna 10-13 i \u00f6vningsboken.<\/p>\n<p>Arbeta med digitala uppgifter till kapitlet p\u00e5 www. nok.se<\/p>\n<p><strong>Tr\u00e4na p\u00e5 att prata om dig sj\u00e4lv. \u00c4r du en hurtbulle eller en soffpotatis?<\/strong><\/p>\n<p>Lycka till!<\/p>\n<p>&nbsp;<\/p>\n<p>&nbsp;<\/p>\n<p>&nbsp;<\/p>\n<p><strong>Lektion 1, den 17\/9, onsdag.<\/strong><\/p>\n<p>Vi arbetade med sidorna 8-10 i textboken och s.6-7 i \u00f6vningsboken.<\/p>\n<p><strong>L\u00e4xa:<\/strong><\/p>\n<p>1.Jobba med kap.1 i textboken och \u00f6vningsboken. G\u00f6r\u00a0 uppgifter till kap.1 p\u00e5 www.nok.se<\/p>\n<p>2. Titta p\u00e5 filmen om <a href=\"https:\/\/www.youtube.com\/watch?v=Aiy4vstUkJE\">substantivgrupper<\/a>.<\/p>\n<p><strong>3. Skriv en kort text och ber\u00e4tta: <em>Vad brukar man g\u00f6ra i ditt hemland p\u00e5 fritiden? Vad gjorde du n\u00e4r du var liten?<\/em> Skicka till anna.avall@folkuniversitetet.se<\/strong><\/p>\n<p>4. G\u00f6r digitala uppgifter till kap.1! Skriv ditt namn p\u00e5 <em>Leaderboard<\/em>!<\/p>\n<p><a href=\"https:\/\/wordwall.net\/resource\/97738396\">Substantivformer<\/a><\/p>\n<p><a href=\"https:\/\/wordwall.net\/resource\/97730009\">\u00d6va ord<\/a><\/p>\n<p><a href=\"https:\/\/wordwall.net\/resource\/97730717\">Skriv verbet som passar b\u00e4st.<\/a><\/p>\n<p>Lycka till!<\/p>\n","protected":false},"excerpt":{"rendered":"<p>Lektion 14, den 3\/11 Vi jobbade med sidorna 46-48 i textboken. L\u00e4xa: L\u00e4s texten p\u00e5 s.48 och 49. G\u00f6r en ordlista med nya ord. Jobba med \u00f6vningsboken s.48-52. G\u00f6r Framstegstest 1 som jag ska skicka till er. Mejla ditt resultat till mig. Lycka till! &nbsp; Lektion 13, den 29\/10 Vi gick igenom sidorna 44-45 i [&hellip;]<\/p>\n","protected":false},"author":953,"featured_media":0,"parent":229,"menu_order":0,"comment_status":"closed","ping_status":"closed","template":"","meta":{"footnotes":""},"class_list":["post-639","page","type-page","status-publish","hentry","post-preview"],"_links":{"self":[{"href":"https:\/\/blogg.folkuniversitetet.nu\/avalan\/wp-json\/wp\/v2\/pages\/639","targetHints":{"allow":["GET"]}}],"collection":[{"href":"https:\/\/blogg.folkuniversitetet.nu\/avalan\/wp-json\/wp\/v2\/pages"}],"about":[{"href":"https:\/\/blogg.folkuniversitetet.nu\/avalan\/wp-json\/wp\/v2\/types\/page"}],"author":[{"embeddable":true,"href":"https:\/\/blogg.folkuniversitetet.nu\/avalan\/wp-json\/wp\/v2\/users\/953"}],"replies":[{"embeddable":true,"href":"https:\/\/blogg.folkuniversitetet.nu\/avalan\/wp-json\/wp\/v2\/comments?post=639"}],"version-history":[{"count":28,"href":"https:\/\/blogg.folkuniversitetet.nu\/avalan\/wp-json\/wp\/v2\/pages\/639\/revisions"}],"predecessor-version":[{"id":729,"href":"https:\/\/blogg.folkuniversitetet.nu\/avalan\/wp-json\/wp\/v2\/pages\/639\/revisions\/729"}],"up":[{"embeddable":true,"href":"https:\/\/blogg.folkuniversitetet.nu\/avalan\/wp-json\/wp\/v2\/pages\/229"}],"wp:attachment":[{"href":"https:\/\/blogg.folkuniversitetet.nu\/avalan\/wp-json\/wp\/v2\/media?parent=639"}],"curies":[{"name":"wp","href":"https:\/\/api.w.org\/{rel}","templated":true}]}}