{"id":550,"date":"2025-07-23T20:26:01","date_gmt":"2025-07-23T19:26:01","guid":{"rendered":"https:\/\/blogg.folkuniversitetet.nu\/avalan\/?page_id=550"},"modified":"2026-04-22T20:41:00","modified_gmt":"2026-04-22T19:41:00","slug":"kurs-a2-del-2","status":"publish","type":"page","link":"https:\/\/blogg.folkuniversitetet.nu\/avalan\/kurs-a2-del-2\/","title":{"rendered":"Kurs A2 del 2"},"content":{"rendered":"<p><strong>Kapitel 16.<\/strong><\/p>\n<p><a href=\"https:\/\/www.youtube.com\/watch?v=okcfuijY_wk\">F\u00f6r att-genom att- utan att<\/a><\/p>\n<p><a href=\"https:\/\/www.youtube.com\/watch?v=rxM60CCdiJ8&amp;t=1s\">Bisatser med som<\/a><\/p>\n<p><a href=\"https:\/\/www.youtube.com\/watch?v=Dx3HP0nZOTA\">Bisatser med d\u00e4r och som<\/a><\/p>\n<p><a href=\"https:\/\/www.youtube.com\/watch?v=JX8cPRBPIVw\">Ska och kommer att<\/a><\/p>\n<p><a href=\"https:\/\/www.youtube.com\/watch?v=ZtrymVQJzFM\">T\u00e4nker l\u00e4sa eller kommer att l\u00e4sa<\/a><\/p>\n<p><strong>Kapitel 17.<\/strong><\/p>\n<p><a href=\"https:\/\/www.youtube.com\/watch?v=aoEoUWrGxzQ&amp;list=PL6FQkC8yA6Y-2YXSv4_CetXe2wviPYch3\">L\u00e4genhet och m\u00f6bler<\/a><\/p>\n<p><a href=\"https:\/\/www.youtube.com\/watch?v=r0jBwzudowA\">Hus och hem<\/a><\/p>\n<p><a href=\"https:\/\/www.youtube.com\/watch?v=RyxvWFWbvSo\">Skriv om din bostad<\/a><\/p>\n<p><a href=\"https:\/\/www.youtube.com\/watch?v=6rEnvK5xUbo\">Bostad sfigunilla<\/a><\/p>\n<p><a href=\"https:\/\/www.youtube.com\/watch?v=EYnmbw7wcjU\">Fr\u00e5gor om bostad<\/a><\/p>\n<p><a href=\"https:\/\/www.youtube.com\/watch?v=FOvTRyq2bv8\">Ber\u00e4tta om din bostad<\/a><\/p>\n<p><a href=\"https:\/\/www.youtube.com\/watch?v=Wlzjqh5vZlk\">Adjektiv<\/a><\/p>\n<p><strong>Kapitel 18.<\/strong><\/p>\n<p><a href=\"https:\/\/www.youtube.com\/watch?v=yJagIDkTTLY\">Adjektiv i best\u00e4md form<\/a><\/p>\n<p><a href=\"https:\/\/www.youtube.com\/watch?v=DXCk5tCEzcA\">Adjektiv<\/a><\/p>\n<p><a href=\"https:\/\/www.youtube.com\/watch?v=eob34IDGT-g\">SFIGunilla adjektivformer<\/a><\/p>\n<p><a href=\"https:\/\/www.youtube.com\/watch?v=BYVFSmlJtXQ\">Adjektivets best\u00e4mda form<\/a><\/p>\n<p><a href=\"https:\/\/www.youtube.com\/watch?v=Zhg5mSbbWc0\">N\u00e4r anv\u00e4nder man adj i best\u00e4md form?<\/a><\/p>\n<p><a href=\"https:\/\/www.youtube.com\/watch?v=A27Iy4BbAK8\">\u00d6vning fr\u00e5n Peter SFI<\/a><\/p>\n<p><a href=\"https:\/\/www.youtube.com\/watch?v=HwQh0MZwsM8\">Best\u00e4md form<\/a><\/p>\n<p><a href=\"https:\/\/urplay.se\/serie\/232026-fran-sfi-till-arbete\">Serien Fr\u00e5n SFI till arbete<\/a><\/p>\n<p><strong>Kapitel 19.<\/strong><\/p>\n<p><a href=\"https:\/\/www.youtube.com\/watch?v=X0zyXN7PbwU\">Kortsvar<\/a><\/p>\n<p><a href=\"https:\/\/www.youtube.com\/watch?v=JT5GTQ5nm_I\">Kortsvar<\/a><\/p>\n<p><a href=\"https:\/\/www.youtube.com\/watch?v=nWgk2rjF_wk&amp;t=472s\">Tidsprepositioner<\/a><\/p>\n<p><a href=\"https:\/\/www.youtube.com\/watch?v=oYEEQK5WTsw\">Dialog hos l\u00e4kare<\/a><\/p>\n<p><a href=\"https:\/\/www.youtube.com\/watch?v=NVXILwWZ7N0&amp;t=306s\">Hos l\u00e4kare<\/a><\/p>\n<p><a href=\"https:\/\/www.youtube.com\/watch?v=jeBOxi1DyFI\">Dialoger p\u00e5 v\u00e5rdcentralen<\/a><\/p>\n<p><a href=\"https:\/\/www.youtube.com\/watch?v=pDNeINkAVac\">Dialog med vanliga fraser<\/a><\/p>\n","protected":false},"excerpt":{"rendered":"<p>Kapitel 16. F\u00f6r att-genom att- utan att Bisatser med som Bisatser med d\u00e4r och som Ska och kommer att T\u00e4nker l\u00e4sa eller kommer att l\u00e4sa Kapitel 17. L\u00e4genhet och m\u00f6bler Hus och hem Skriv om din bostad Bostad sfigunilla Fr\u00e5gor om bostad Ber\u00e4tta om din bostad Adjektiv Kapitel 18. Adjektiv i best\u00e4md form Adjektiv SFIGunilla [&hellip;]<\/p>\n","protected":false},"author":953,"featured_media":0,"parent":0,"menu_order":0,"comment_status":"closed","ping_status":"closed","template":"","meta":{"footnotes":""},"class_list":["post-550","page","type-page","status-publish","hentry","post-preview"],"_links":{"self":[{"href":"https:\/\/blogg.folkuniversitetet.nu\/avalan\/wp-json\/wp\/v2\/pages\/550","targetHints":{"allow":["GET"]}}],"collection":[{"href":"https:\/\/blogg.folkuniversitetet.nu\/avalan\/wp-json\/wp\/v2\/pages"}],"about":[{"href":"https:\/\/blogg.folkuniversitetet.nu\/avalan\/wp-json\/wp\/v2\/types\/page"}],"author":[{"embeddable":true,"href":"https:\/\/blogg.folkuniversitetet.nu\/avalan\/wp-json\/wp\/v2\/users\/953"}],"replies":[{"embeddable":true,"href":"https:\/\/blogg.folkuniversitetet.nu\/avalan\/wp-json\/wp\/v2\/comments?post=550"}],"version-history":[{"count":12,"href":"https:\/\/blogg.folkuniversitetet.nu\/avalan\/wp-json\/wp\/v2\/pages\/550\/revisions"}],"predecessor-version":[{"id":913,"href":"https:\/\/blogg.folkuniversitetet.nu\/avalan\/wp-json\/wp\/v2\/pages\/550\/revisions\/913"}],"wp:attachment":[{"href":"https:\/\/blogg.folkuniversitetet.nu\/avalan\/wp-json\/wp\/v2\/media?parent=550"}],"curies":[{"name":"wp","href":"https:\/\/api.w.org\/{rel}","templated":true}]}}