{"id":33,"date":"2024-10-02T19:37:44","date_gmt":"2024-10-02T18:37:44","guid":{"rendered":"https:\/\/blogg.folkuniversitetet.nu\/avalan\/?page_id=33"},"modified":"2025-05-29T21:15:39","modified_gmt":"2025-05-29T20:15:39","slug":"resurser","status":"publish","type":"page","link":"https:\/\/blogg.folkuniversitetet.nu\/avalan\/resurser\/","title":{"rendered":"Resurser"},"content":{"rendered":"<p><strong>Filmer f\u00f6r nyb\u00f6rjare:<\/strong><\/p>\n<p><a href=\"https:\/\/www.youtube.com\/@svenskaforalla-acrashcours4410\/videos\">Svenska f\u00f6r alla<\/a><\/p>\n<p><a href=\"https:\/\/urplay.se\/serie\/236391-grannar\">Grannar- animerad serie om vardagssituationer<\/a><\/p>\n<p><a href=\"https:\/\/urplay.se\/serie\/199772-amira-ar-har-med-stodord\">F\u00f6lj doften\u00a0 &#8211; Amira \u00e4r h\u00e4r<\/a><\/p>\n<p><a href=\"https:\/\/urplay.se\/serie\/239258-mitt-nya-land\">Mitt nya land<\/a><\/p>\n<p><strong>Andra resurser:<\/strong><\/p>\n<p><a href=\"https:\/\/nybildetema.oslomet.no\/se\/#\/swe\/halsa\/hjalpmedel\">Bildteman<\/a><\/p>\n<p><a href=\"https:\/\/dagsfornp.se\/ljud\/\">Tr\u00e4na p\u00e5 att lyssna<\/a><\/p>\n<p><a href=\"https:\/\/urplay.se\/serie\/217851-hitta-hem\">Hitta hem<\/a><\/p>\n<p><a href=\"https:\/\/www.cineasterna.com\/sv\/\">Titta p\u00e5 filmer p\u00e5 cineasterna.com<\/a><\/p>\n<p><a href=\"https:\/\/sfipodd.se\/?s=jul\">SFI podd<\/a><\/p>\n<p><a href=\"http:\/\/exempelmeningar.se\">www.exempelmeningar.se<\/a><\/p>\n<p><a href=\"https:\/\/lexin.nada.kth.se\/lexin\/\">Lexin p\u00e5 n\u00e4tet<\/a><\/p>\n<p><a href=\"https:\/\/motmalet.nu\/mot-malet-1\/grammatik\/\">Grammatik<\/a><\/p>\n<p><a href=\"https:\/\/www.youtube.com\/watch?v=1zTYFvZdzNk&amp;list=PLLmCETHof2dPwrB8Msx-xUhDpJEwPhuxB&amp;index=5\">Veckans fras &#8211; en podd<\/a><\/p>\n","protected":false},"excerpt":{"rendered":"<p>Filmer f\u00f6r nyb\u00f6rjare: Svenska f\u00f6r alla Grannar- animerad serie om vardagssituationer F\u00f6lj doften\u00a0 &#8211; Amira \u00e4r h\u00e4r Mitt nya land Andra resurser: Bildteman Tr\u00e4na p\u00e5 att lyssna Hitta hem Titta p\u00e5 filmer p\u00e5 cineasterna.com SFI podd www.exempelmeningar.se Lexin p\u00e5 n\u00e4tet Grammatik Veckans fras &#8211; en podd<\/p>\n","protected":false},"author":953,"featured_media":0,"parent":0,"menu_order":0,"comment_status":"closed","ping_status":"closed","template":"","meta":{"footnotes":""},"class_list":["post-33","page","type-page","status-publish","hentry","post-preview"],"_links":{"self":[{"href":"https:\/\/blogg.folkuniversitetet.nu\/avalan\/wp-json\/wp\/v2\/pages\/33","targetHints":{"allow":["GET"]}}],"collection":[{"href":"https:\/\/blogg.folkuniversitetet.nu\/avalan\/wp-json\/wp\/v2\/pages"}],"about":[{"href":"https:\/\/blogg.folkuniversitetet.nu\/avalan\/wp-json\/wp\/v2\/types\/page"}],"author":[{"embeddable":true,"href":"https:\/\/blogg.folkuniversitetet.nu\/avalan\/wp-json\/wp\/v2\/users\/953"}],"replies":[{"embeddable":true,"href":"https:\/\/blogg.folkuniversitetet.nu\/avalan\/wp-json\/wp\/v2\/comments?post=33"}],"version-history":[{"count":16,"href":"https:\/\/blogg.folkuniversitetet.nu\/avalan\/wp-json\/wp\/v2\/pages\/33\/revisions"}],"predecessor-version":[{"id":416,"href":"https:\/\/blogg.folkuniversitetet.nu\/avalan\/wp-json\/wp\/v2\/pages\/33\/revisions\/416"}],"wp:attachment":[{"href":"https:\/\/blogg.folkuniversitetet.nu\/avalan\/wp-json\/wp\/v2\/media?parent=33"}],"curies":[{"name":"wp","href":"https:\/\/api.w.org\/{rel}","templated":true}]}}