{"id":163,"date":"2024-12-26T23:07:59","date_gmt":"2024-12-26T22:07:59","guid":{"rendered":"https:\/\/blogg.folkuniversitetet.nu\/avalan\/?page_id=163"},"modified":"2024-12-26T23:13:02","modified_gmt":"2024-12-26T22:13:02","slug":"anna-avall","status":"publish","type":"page","link":"https:\/\/blogg.folkuniversitetet.nu\/avalan\/anna-avall\/","title":{"rendered":"Anna \u00c5vall"},"content":{"rendered":"<p>Hej!<\/p>\n<p>Det \u00e4r jag som \u00e4r Anna. Jag undervisar i svenska som fr\u00e4mmande spr\u00e5k p\u00e5 Folkuniversitetet.<\/p>\n<p>Jag har alltid haft ett stort intresse f\u00f6r spr\u00e5k och jag har en l\u00e4rarexamen i svenska som andraspr\u00e5k. Jag tycker mycket om att undervisa och att hj\u00e4lpa olika individer att utveckla sitt spr\u00e5k.<\/p>\n","protected":false},"excerpt":{"rendered":"<p>Hej! Det \u00e4r jag som \u00e4r Anna. Jag undervisar i svenska som fr\u00e4mmande spr\u00e5k p\u00e5 Folkuniversitetet. Jag har alltid haft ett stort intresse f\u00f6r spr\u00e5k och jag har en l\u00e4rarexamen i svenska som andraspr\u00e5k. Jag tycker mycket om att undervisa och att hj\u00e4lpa olika individer att utveckla sitt spr\u00e5k.<\/p>\n","protected":false},"author":953,"featured_media":0,"parent":0,"menu_order":0,"comment_status":"closed","ping_status":"closed","template":"","meta":{"footnotes":""},"class_list":["post-163","page","type-page","status-publish","hentry","post-preview"],"_links":{"self":[{"href":"https:\/\/blogg.folkuniversitetet.nu\/avalan\/wp-json\/wp\/v2\/pages\/163","targetHints":{"allow":["GET"]}}],"collection":[{"href":"https:\/\/blogg.folkuniversitetet.nu\/avalan\/wp-json\/wp\/v2\/pages"}],"about":[{"href":"https:\/\/blogg.folkuniversitetet.nu\/avalan\/wp-json\/wp\/v2\/types\/page"}],"author":[{"embeddable":true,"href":"https:\/\/blogg.folkuniversitetet.nu\/avalan\/wp-json\/wp\/v2\/users\/953"}],"replies":[{"embeddable":true,"href":"https:\/\/blogg.folkuniversitetet.nu\/avalan\/wp-json\/wp\/v2\/comments?post=163"}],"version-history":[{"count":3,"href":"https:\/\/blogg.folkuniversitetet.nu\/avalan\/wp-json\/wp\/v2\/pages\/163\/revisions"}],"predecessor-version":[{"id":166,"href":"https:\/\/blogg.folkuniversitetet.nu\/avalan\/wp-json\/wp\/v2\/pages\/163\/revisions\/166"}],"wp:attachment":[{"href":"https:\/\/blogg.folkuniversitetet.nu\/avalan\/wp-json\/wp\/v2\/media?parent=163"}],"curies":[{"name":"wp","href":"https:\/\/api.w.org\/{rel}","templated":true}]}}