{"id":117,"date":"2024-12-23T15:38:02","date_gmt":"2024-12-23T14:38:02","guid":{"rendered":"https:\/\/blogg.folkuniversitetet.nu\/avalan\/?page_id=117"},"modified":"2025-10-21T21:16:23","modified_gmt":"2025-10-21T20:16:23","slug":"kurs-a1-del-2","status":"publish","type":"page","link":"https:\/\/blogg.folkuniversitetet.nu\/avalan\/kurs-a1-del-2\/","title":{"rendered":"Kurs A1 del 2"},"content":{"rendered":"<p><strong>Kapitel 6<\/strong><\/p>\n<p><a href=\"https:\/\/www.youtube.com\/watch?v=N2zJXpORfhc\">Min familj (1)<\/a><\/p>\n<p><a href=\"https:\/\/www.youtube.com\/watch?v=8A_UEaKQPaI\">Min familj (2)<\/a><\/p>\n<p><a href=\"https:\/\/www.youtube.com\/watch?v=rquD0osG_Tc\">Min familj (3)<\/a><\/p>\n<p><a href=\"https:\/\/www.youtube.com\/watch?v=5zKsQemfbxY\">Min familj &#8211; en text<\/a><\/p>\n<p><strong>Grammatik<\/strong><\/p>\n<p><a href=\"https:\/\/www.youtube.com\/watch?v=-YDCyDr6kEE\">Pronomen (personliga, subjekt, objekt)<\/a><\/p>\n<p><a href=\"https:\/\/www.youtube.com\/watch?v=-aHwcB-H72I\">SOM som relativt pronomen<\/a><\/p>\n<p><a href=\"https:\/\/www.youtube.com\/watch?v=S8PvtdSjMro\">Vad ska du g\u00f6ra i helgen?<\/a><\/p>\n<p><a href=\"https:\/\/www.youtube.com\/watch?v=t_nkXYnBznA\">Possessiva pronomen<\/a><\/p>\n<p><a href=\"https:\/\/www.youtube.com\/watch?v=GufFRZkHdwI\">Verb (grupp 1 och 2)<\/a><\/p>\n<p><a href=\"https:\/\/www.youtube.com\/watch?v=mz-xsW7qPBU\">Verb (grupp 3 och 4)<\/a><\/p>\n<p><a href=\"https:\/\/www.youtube.com\/watch?v=PyW2JSxKgvk\">Verbgrupper<\/a><\/p>\n<p><a href=\"https:\/\/www.youtube.com\/watch?v=ai7JSyHwICk\">Ordf\u00f6ljd\u00a0<\/a><\/p>\n<p>&nbsp;<\/p>\n<p><strong>Kapitel 7<\/strong><\/p>\n<p><a href=\"https:\/\/www.youtube.com\/watch?v=UFPEHBAdE14\">Kl\u00e4der (1)<\/a><\/p>\n<p><a href=\"https:\/\/www.youtube.com\/watch?v=JGs7aGDbjCM\">Kl\u00e4der (2)<\/a><\/p>\n<p><a href=\"https:\/\/www.youtube.com\/watch?v=RQU5_FGhoGw\">Dialoger. Tema Kl\u00e4der<\/a><\/p>\n<p><a href=\"https:\/\/www.youtube.com\/watch?v=zv7NaTIcOCo\">F\u00e4rger\u00a0<\/a><\/p>\n<p><a href=\"https:\/\/www.youtube.com\/watch?v=cx8hdcsyMN4\">Jag g\u00e5r till en kl\u00e4daff\u00e4r<\/a><\/p>\n<p><strong>Grammatik<\/strong><\/p>\n<p><a href=\"https:\/\/www.youtube.com\/watch?v=XBrzgvYgz-4\">N\u00e5gon, n\u00e5got, n\u00e5gra<\/a><\/p>\n<p><a href=\"https:\/\/www.youtube.com\/watch?v=3kuIRI_6tBg\">Ingen, inget, inga<\/a><\/p>\n<p><a href=\"https:\/\/www.youtube.com\/watch?v=e9EWpTNOm5Y\">Substantiv i plural<\/a><\/p>\n<p><a href=\"https:\/\/www.youtube.com\/watch?v=Vxyc-I4IboQ\">Swedish nouns<\/a><\/p>\n<p><a href=\"https:\/\/www.youtube.com\/watch?v=ipmUNWN-0Eg\">Adjektiv &#8211; motsatser<\/a><\/p>\n<p><a href=\"https:\/\/www.youtube.com\/watch?v=6nqvzg6zeDA\">Motsatsord<\/a><\/p>\n<p><a href=\"https:\/\/www.youtube.com\/watch?v=8olJ7tVKmfA\">Adjektiv komparation<\/a><\/p>\n<p><a href=\"https:\/\/www.youtube.com\/watch?v=unW3R7RBPJc\">Adjektiv komparation (2)<\/a><\/p>\n<p><a href=\"https:\/\/www.youtube.com\/watch?v=rMhXXkCjdTc\">Oregelbundna adjektiv (komparation)<\/a><\/p>\n<p>&nbsp;<\/p>\n<p><strong>Kapitel 8.<\/strong><\/p>\n<p><a href=\"https:\/\/www.youtube.com\/watch?v=uXfnyvJl6LE\">Spr\u00e5kpromenad<\/a><\/p>\n<p><a href=\"https:\/\/www.youtube.com\/watch?v=kgHrEPKqn2Y\">Vad kan man g\u00f6ra i Stockholm?<\/a><\/p>\n<p><a href=\"https:\/\/www.youtube.com\/watch?v=KXvFwOgCe9c&amp;t=33s\">Dialoger: Att bjuda hem n\u00e5gon<\/a><\/p>\n<p><a href=\"https:\/\/www.youtube.com\/watch?v=KXvFwOgCe9c&amp;t=33s\">V\u00e4der (1)<\/a><\/p>\n<p><a href=\"https:\/\/www.youtube.com\/watch?v=uMkWmPY2tO8\">V\u00e4der (2)<\/a><\/p>\n<p><a href=\"https:\/\/www.youtube.com\/watch?v=uMkWmPY2tO8\">V\u00e4der, \u00e5rstider (3)<\/a><\/p>\n<p><strong>Grammatik<\/strong><\/p>\n<p><a href=\"https:\/\/www.youtube.com\/watch?v=6jjDReyTNfw\">Verb: fr\u00e5n presens till supinum<\/a><\/p>\n<p><a href=\"https:\/\/www.youtube.com\/watch?v=qN1B8CyoPCc\">Preteritum och perfekt<\/a><\/p>\n<p><a href=\"https:\/\/www.youtube.com\/watch?v=GtlYC6THKOM\">Ordningstal<\/a><\/p>\n<p><a href=\"https:\/\/www.youtube.com\/watch?v=4vJGl93_d9Y\">R\u00e4kneord och siffror<\/a><\/p>\n<p><a href=\"https:\/\/www.youtube.com\/watch?v=Hw-5MwPhmjA\">HEM eller HEMMA?<\/a><\/p>\n<p><a href=\"https:\/\/www.youtube.com\/watch?v=FyOpBZ3gE6o\">Adverb p\u00e5 svenska<\/a><\/p>\n<p>&nbsp;<\/p>\n<p><strong>Kapitel 9<\/strong><\/p>\n<p><a href=\"https:\/\/www.youtube.com\/watch?v=HYSUWSRkCJc\">V\u00e4gbeskrivning (1)<\/a><\/p>\n<p><a href=\"https:\/\/www.youtube.com\/watch?v=Y8kw9MdSyiU\">V\u00e4gbeskrivning (2)<\/a><\/p>\n<p><a href=\"https:\/\/www.youtube.com\/watch?v=GBo0VNgNkso\">\u00c5ka buss<\/a><\/p>\n<p><a href=\"https:\/\/www.youtube.com\/watch?v=LC43hDPOzRw\">Fordon<\/a><\/p>\n<p><a href=\"https:\/\/www.youtube.com\/watch?v=neTm6Oo1pA8\">Transport och platser<\/a><\/p>\n<p><a href=\"https:\/\/www.youtube.com\/watch?v=JAz-594x9YA\">Vad g\u00f6r de? Transport.<\/a><\/p>\n<p><a href=\"https:\/\/www.youtube.com\/watch?v=y8WRiayliEE\">Kollektivtrafik<\/a><\/p>\n<p><strong>Grammatik<\/strong><\/p>\n<p><a href=\"https:\/\/www.youtube.com\/watch?v=Z9v_ybdiXVo\">G\u00c5R eller \u00c5KER?<\/a><\/p>\n<p><a href=\"https:\/\/www.youtube.com\/watch?v=LzRn_0LhD44\">G\u00e5r\/\u00e5ker\/reser<\/a><\/p>\n<p><a href=\"https:\/\/www.youtube.com\/watch?v=0H1q7cmtPZ4\">Partikelverb<\/a><\/p>\n<p><a href=\"https:\/\/www.youtube.com\/watch?v=6saS3ded_o4\">Tidsprepositioner<\/a><\/p>\n<p><a href=\"https:\/\/www.youtube.com\/watch?v=75Jwi1nXyT8\">Tidsprepositioner (2)<\/a><\/p>\n<p><a href=\"https:\/\/www.youtube.com\/watch?v=9Y5babdXe7U&amp;t=1s\">Preteritum eller perfekt<\/a><\/p>\n<p><strong>Kapitel 10.<\/strong><\/p>\n<p><a href=\"https:\/\/www.youtube.com\/watch?v=7LR4-hNxwpI\">Sveriges geografi<\/a><\/p>\n<p><a href=\"https:\/\/www.youtube.com\/watch?v=9RAf_GwYMS8\">Sveriges historia<\/a><\/p>\n<p><a href=\"https:\/\/www.youtube.com\/watch?v=OZLYUdg35T4\">Fakta om Sverige<\/a><\/p>\n<p><a href=\"https:\/\/www.youtube.com\/watch?v=HZ0Q8SrG7rg\">Typiskt svenskt<\/a><\/p>\n<p><a href=\"https:\/\/www.youtube.com\/watch?v=D2eDGaE-x-s\">Typiskt svenskt (2)<\/a><\/p>\n<p><a href=\"https:\/\/www.youtube.com\/watch?v=v8_7yPocGPg\">Swedishness<\/a><\/p>\n<p>&nbsp;<\/p>\n<p>&nbsp;<\/p>\n","protected":false},"excerpt":{"rendered":"<p>Kapitel 6 Min familj (1) Min familj (2) Min familj (3) Min familj &#8211; en text Grammatik Pronomen (personliga, subjekt, objekt) SOM som relativt pronomen Vad ska du g\u00f6ra i helgen? Possessiva pronomen Verb (grupp 1 och 2) Verb (grupp 3 och 4) Verbgrupper Ordf\u00f6ljd\u00a0 &nbsp; Kapitel 7 Kl\u00e4der (1) Kl\u00e4der (2) Dialoger. Tema Kl\u00e4der [&hellip;]<\/p>\n","protected":false},"author":953,"featured_media":0,"parent":0,"menu_order":0,"comment_status":"closed","ping_status":"closed","template":"","meta":{"footnotes":""},"class_list":["post-117","page","type-page","status-publish","hentry","post-preview"],"_links":{"self":[{"href":"https:\/\/blogg.folkuniversitetet.nu\/avalan\/wp-json\/wp\/v2\/pages\/117","targetHints":{"allow":["GET"]}}],"collection":[{"href":"https:\/\/blogg.folkuniversitetet.nu\/avalan\/wp-json\/wp\/v2\/pages"}],"about":[{"href":"https:\/\/blogg.folkuniversitetet.nu\/avalan\/wp-json\/wp\/v2\/types\/page"}],"author":[{"embeddable":true,"href":"https:\/\/blogg.folkuniversitetet.nu\/avalan\/wp-json\/wp\/v2\/users\/953"}],"replies":[{"embeddable":true,"href":"https:\/\/blogg.folkuniversitetet.nu\/avalan\/wp-json\/wp\/v2\/comments?post=117"}],"version-history":[{"count":5,"href":"https:\/\/blogg.folkuniversitetet.nu\/avalan\/wp-json\/wp\/v2\/pages\/117\/revisions"}],"predecessor-version":[{"id":710,"href":"https:\/\/blogg.folkuniversitetet.nu\/avalan\/wp-json\/wp\/v2\/pages\/117\/revisions\/710"}],"wp:attachment":[{"href":"https:\/\/blogg.folkuniversitetet.nu\/avalan\/wp-json\/wp\/v2\/media?parent=117"}],"curies":[{"name":"wp","href":"https:\/\/api.w.org\/{rel}","templated":true}]}}