{"id":109,"date":"2024-12-22T23:08:26","date_gmt":"2024-12-22T22:08:26","guid":{"rendered":"https:\/\/blogg.folkuniversitetet.nu\/avalan\/?page_id=109"},"modified":"2026-02-04T21:52:47","modified_gmt":"2026-02-04T20:52:47","slug":"kurs-a1-del-1","status":"publish","type":"page","link":"https:\/\/blogg.folkuniversitetet.nu\/avalan\/kurs-a1-del-1\/","title":{"rendered":"Kurs A1 del 1"},"content":{"rendered":"<p><strong>Kapitel 1<\/strong><\/p>\n<p><strong>H\u00f6rf\u00f6rst\u00e5else<\/strong><\/p>\n<p><a href=\"https:\/\/www.youtube.com\/watch?v=wvOSBP6Vkuc\">V\u00e4lkommen till Sverige!<\/a><\/p>\n<p><a href=\"https:\/\/www.youtube.com\/watch?v=VVADDCIFi_o\">Presentera dig &#8211; Introduce yourself<\/a><\/p>\n<p><a href=\"https:\/\/www.youtube.com\/watch?v=EJ3VwXNnOnI\">Presentera dig p\u00e5 svenska\u00a0<\/a><\/p>\n<p><a href=\"https:\/\/sv.wikipedia.org\/wiki\/Lista_%C3%B6ver_inv%C3%A5narnamn\">Lista \u00f6ver inv\u00e5narnamn<\/a><\/p>\n<p><a href=\"https:\/\/www.youtube.com\/watch?v=NjjzAanA9Vc\">Olika yrken &#8211; mycket l\u00e4tt<\/a><\/p>\n<p><a href=\"https:\/\/www.youtube.com\/watch?v=HNv16LFhVN0\">28 vanliga yrken i Sverige<\/a><\/p>\n<p><a href=\"https:\/\/www.youtube.com\/watch?v=yZVxV7t5ma0\">sfigunilla &#8211;\u00a0 vilket yrke?<\/a><\/p>\n<p><a href=\"https:\/\/www.youtube.com\/watch?v=EhZakpx-5C8\">Civilst\u00e5nd &#8211; boende<\/a><\/p>\n<p><strong>Grammatik<\/strong><\/p>\n<p><a href=\"https:\/\/www.youtube.com\/watch?v=HGHLZV-Ia-A\">svenska alfabetet<\/a><\/p>\n<p><a href=\"https:\/\/www.youtube.com\/watch?v=fOniqLxa5Pw\">Vokaler &#8211; uttal fr\u00e5n Peter SFI<\/a><\/p>\n<p><a href=\"https:\/\/www.youtube.com\/watch?v=f_8yaMRJQTQ\">Uttala vokaler<\/a><\/p>\n<p><a href=\"https:\/\/www.youtube.com\/watch?v=YhRACiXNs_4\">Meningar &#8211; ordf\u00f6ljd<\/a><\/p>\n<p><a href=\"https:\/\/www.youtube.com\/watch?v=Nz6Es6SIIeA\">Swedish sentence structure<\/a><\/p>\n<p><a href=\"https:\/\/www.youtube.com\/watch?v=hAEr9Jutalo\">Pronomen<\/a><\/p>\n<p><a href=\"https:\/\/www.youtube.com\/watch?v=0f2jCUswYV4\">Vad g\u00f6r de inte?<\/a><\/p>\n<p>&nbsp;<\/p>\n<p><strong>Kapitel 2<\/strong><\/p>\n<p><a href=\"https:\/\/www.youtube.com\/watch?v=VK7_w_yYvVc\">Hur m\u00e5r du?<\/a><\/p>\n<p><a href=\"https:\/\/www.youtube.com\/watch?v=-bKfy0Ig_go\">Hur m\u00e5r du?<\/a><\/p>\n<p><a href=\"https:\/\/www.youtube.com\/watch?v=SMrCn08TEAA\">Hur m\u00e5r du?<\/a><\/p>\n<p><a href=\"https:\/\/www.youtube.com\/watch?v=b8WiOBYCalU\">Presentera dig!<\/a><\/p>\n<p><strong>Grammatik<\/strong><\/p>\n<p><a href=\"https:\/\/www.youtube.com\/watch?v=8uQfj4lmt7M\">EN eller ETT?<\/a><\/p>\n<p><a href=\"https:\/\/www.youtube.com\/watch?v=_WMt_ezTkqM\">Fr\u00e5gor med fr\u00e5geord<\/a><\/p>\n<p><a href=\"https:\/\/www.youtube.com\/watch?v=0LWaxWHV9Eg\">Verb<\/a><\/p>\n<p><a href=\"https:\/\/www.youtube.com\/watch?v=U82ospRgS08\">H\u00e5rda och mjuka vokaler<\/a><\/p>\n<p><a href=\"https:\/\/www.youtube.com\/watch?v=cmNSnb61dPQ\">Uttal p\u00e5 G, K, SK<\/a><\/p>\n<p><a href=\"https:\/\/www.youtube.com\/watch?v=u3gJITZWBeQ\">Uttal av vokaler SJ, TJ, J<\/a><\/p>\n<p><a href=\"https:\/\/www.youtube.com\/watch?v=JLA3RKcMOnQ\">Uttal\u00a0<\/a><\/p>\n<p><a href=\"https:\/\/www.youtube.com\/watch?v=yb0Ycin8gXo\">Retroflexer<\/a><\/p>\n<p><a href=\"https:\/\/www.youtube.com\/watch?v=Oi277Lt3uUw\">In English\u00a0<\/a><\/p>\n<p>&nbsp;<\/p>\n<p><strong>Kapitel 3<\/strong><\/p>\n<p><a href=\"https:\/\/www.youtube.com\/watch?v=mlhjbelhswM\">R\u00e4kna 0 till 100<\/a><\/p>\n<p><a href=\"https:\/\/www.youtube.com\/watch?v=woe3VMwf43A\">Hur gammal \u00e4r du?<\/a><\/p>\n<p><a href=\"https:\/\/www.youtube.com\/watch?v=nUhrlZJuidE\">Fylla i en blankett<\/a><\/p>\n<p><a href=\"https:\/\/www.youtube.com\/watch?v=-CWCXEd3m20\">Klockan<\/a><\/p>\n<p><a href=\"https:\/\/www.youtube.com\/watch?v=-Iz4K3hIEC0\">Hur mycket \u00e4r klockan?<\/a><\/p>\n<p><a href=\"https:\/\/www.youtube.com\/watch?v=Hkfv2kO8gdA\">Tid och klockan<\/a><\/p>\n<p><a href=\"https:\/\/www.youtube.com\/watch?v=1k93iU-NV_I\">En vanlig dag<\/a><\/p>\n<p><a href=\"https:\/\/www.youtube.com\/watch?v=YzOC-X7Mxbg\">Morgonrutiner<\/a><\/p>\n<p><a href=\"https:\/\/www.youtube.com\/watch?v=yn4NkVTB9c8\">En dag<\/a><\/p>\n<p><strong>Grammatik<\/strong><\/p>\n<p><a href=\"https:\/\/www.youtube.com\/watch?v=Nz6Es6SIIeA\">Swedish sentence structure<\/a><\/p>\n<p><a href=\"https:\/\/www.youtube.com\/watch?v=ai7JSyHwICk\">Ordf\u00f6ljd<\/a><\/p>\n<p><a href=\"https:\/\/www.youtube.com\/watch?v=l0nSoonpfZE\">Ordf\u00f6ljd &#8211; satsadverbial<\/a><\/p>\n<p><a href=\"https:\/\/www.youtube.com\/watch?v=_Lwe0M0TQtU\">Substantiv &#8211; best\u00e4md och obest\u00e4md form<\/a><\/p>\n<p><a href=\"https:\/\/www.youtube.com\/watch?v=U_Egh-7dd7k\">Imperativ\u00a0<\/a><\/p>\n<p>&nbsp;<\/p>\n<p><strong>Kapitel 4<\/strong><\/p>\n<p><a href=\"https:\/\/www.youtube.com\/watch?v=qtXeYrs8KcI\">Fika -ordlista<\/a><\/p>\n<p><a href=\"https:\/\/www.youtube.com\/watch?v=XhrqryAgc8k\">S\u00e5 best\u00e4ller du en fika<\/a><\/p>\n<p><a href=\"https:\/\/urplay.se\/program\/201725-svenska-for-alla-handla-mat-ordlista\">Handla mat &#8211; ordlista<\/a><\/p>\n<p><a href=\"https:\/\/www.youtube.com\/watch?v=O3BGR4rTQvQ\">Dialoger i aff\u00e4ren<\/a><\/p>\n<p><a href=\"https:\/\/www.youtube.com\/watch?v=Z4xNR4UggEQ\">I aff\u00e4ren. Dialoger<\/a><\/p>\n<p><strong>Grammatik<\/strong><\/p>\n<p><a href=\"https:\/\/www.youtube.com\/watch?v=pX0Q1zBhp38\">Fr\u00e5geord<\/a><\/p>\n<p><a href=\"https:\/\/www.youtube.com\/watch?v=8jxmRNiPGLk\">INTE i en mening<\/a><\/p>\n<p><a href=\"https:\/\/www.youtube.com\/watch?v=978pC8voO3c\">Denna, detta, dessa<\/a><\/p>\n<p><a href=\"https:\/\/www.youtube.com\/watch?v=OmBY0CaqDiw\">Ordf\u00f6ljd (satsadverbial, hj\u00e4lpverb)<\/a><\/p>\n<p><a href=\"https:\/\/www.youtube.com\/watch?v=GCxeYyfzoEs\">Infinitiv<\/a><\/p>\n<p><a href=\"https:\/\/www.youtube.com\/watch?v=ftcMF8ueVZM\">Substantiv i plural<\/a><\/p>\n<p><a href=\"https:\/\/www.youtube.com\/watch?v=imBjYAksXPY\">Substantiv i plural (2)<\/a><\/p>\n<p><a href=\"https:\/\/www.youtube.com\/watch?v=BhVtuSZbG9g\">sfugunilla plural<\/a><\/p>\n<p><a href=\"https:\/\/www.youtube.com\/watch?v=9igLEYh1-CA\">sfugunilla substantiv sing och plural<\/a><\/p>\n<p>&nbsp;<\/p>\n<p><strong>Kapitel 5<\/strong><\/p>\n<p><a href=\"https:\/\/www.youtube.com\/watch?v=iko9mCvWrIA\">Veckovisan<\/a><\/p>\n<p><a href=\"https:\/\/www.youtube.com\/watch?v=2A8geYEFK4Y\">Fritid<\/a><\/p>\n<p><a href=\"https:\/\/www.youtube.com\/watch?v=vX6Ze4zBl1Y\">Fritid (2)<\/a><\/p>\n<p><a href=\"https:\/\/www.youtube.com\/watch?v=igMtktvdFsk\">Fritid (3)<\/a><\/p>\n<p><strong>Grammatik<\/strong><\/p>\n<p><a href=\"https:\/\/www.youtube.com\/watch?v=5WCH4F_a2Ug\">Jag tycker om &#8230;\/Jag tycker om att &#8230;<\/a><\/p>\n<p><a href=\"https:\/\/www.youtube.com\/watch?v=uKxzIcGTwic\">Tycker om<\/a><\/p>\n<p><a href=\"https:\/\/www.youtube.com\/watch?v=Y5d7BVmseQE\">Adverb<\/a><\/p>\n<p><a href=\"https:\/\/www.youtube.com\/watch?v=Nc91pXXwtdQ\">Adjektiv<\/a><\/p>\n<p><a href=\"https:\/\/www.youtube.com\/watch?v=fxN19ExrA0c\">Verb i presens och preteritum<\/a><\/p>\n<p><a href=\"https:\/\/www.youtube.com\/watch?v=S8PvtdSjMro\">Vad ska du g\u00f6ra i helgen?<\/a><\/p>\n","protected":false},"excerpt":{"rendered":"<p>Kapitel 1 H\u00f6rf\u00f6rst\u00e5else V\u00e4lkommen till Sverige! Presentera dig &#8211; Introduce yourself Presentera dig p\u00e5 svenska\u00a0 Lista \u00f6ver inv\u00e5narnamn Olika yrken &#8211; mycket l\u00e4tt 28 vanliga yrken i Sverige sfigunilla &#8211;\u00a0 vilket yrke? Civilst\u00e5nd &#8211; boende Grammatik svenska alfabetet Vokaler &#8211; uttal fr\u00e5n Peter SFI Uttala vokaler Meningar &#8211; ordf\u00f6ljd Swedish sentence structure Pronomen Vad g\u00f6r [&hellip;]<\/p>\n","protected":false},"author":953,"featured_media":0,"parent":0,"menu_order":0,"comment_status":"closed","ping_status":"closed","template":"","meta":{"footnotes":""},"class_list":["post-109","page","type-page","status-publish","hentry","post-preview"],"_links":{"self":[{"href":"https:\/\/blogg.folkuniversitetet.nu\/avalan\/wp-json\/wp\/v2\/pages\/109","targetHints":{"allow":["GET"]}}],"collection":[{"href":"https:\/\/blogg.folkuniversitetet.nu\/avalan\/wp-json\/wp\/v2\/pages"}],"about":[{"href":"https:\/\/blogg.folkuniversitetet.nu\/avalan\/wp-json\/wp\/v2\/types\/page"}],"author":[{"embeddable":true,"href":"https:\/\/blogg.folkuniversitetet.nu\/avalan\/wp-json\/wp\/v2\/users\/953"}],"replies":[{"embeddable":true,"href":"https:\/\/blogg.folkuniversitetet.nu\/avalan\/wp-json\/wp\/v2\/comments?post=109"}],"version-history":[{"count":6,"href":"https:\/\/blogg.folkuniversitetet.nu\/avalan\/wp-json\/wp\/v2\/pages\/109\/revisions"}],"predecessor-version":[{"id":810,"href":"https:\/\/blogg.folkuniversitetet.nu\/avalan\/wp-json\/wp\/v2\/pages\/109\/revisions\/810"}],"wp:attachment":[{"href":"https:\/\/blogg.folkuniversitetet.nu\/avalan\/wp-json\/wp\/v2\/media?parent=109"}],"curies":[{"name":"wp","href":"https:\/\/api.w.org\/{rel}","templated":true}]}}