{"id":48,"date":"2024-11-21T17:06:24","date_gmt":"2024-11-21T16:06:24","guid":{"rendered":"https:\/\/blogg.folkuniversitetet.nu\/andepa\/?page_id=48"},"modified":"2024-11-29T08:53:43","modified_gmt":"2024-11-29T07:53:43","slug":"a2-del-2-vecka-2","status":"publish","type":"page","link":"https:\/\/blogg.folkuniversitetet.nu\/andepa\/a2-del-2-vecka-2\/","title":{"rendered":"A2 del 2 kursvecka 2"},"content":{"rendered":"<p><span style=\"color: #ff0000\"><strong>Tisdag:\u00a0<\/strong><\/span><\/p>\n<p>Vi har avslutat kapitel 16 och b\u00f6rjat p\u00e5 kapitel 17.<\/p>\n<p>P\u00e5 tisdagens lektion pratade vi om <strong><em>boende<\/em><\/strong>. Repetera g\u00e4rna text och vokabul\u00e4r p\u00e5 s. 200-203 i textboken.<\/p>\n<p>L\u00e4xa tills imorgon (torsdag 28\/11) \u00e4r:<\/p>\n<p>Arbeta med texten p\u00e5 s.204 i textboken (lyssna, l\u00e4s och titta p\u00e5 fr\u00e5gorna). Du ska ocks\u00e5 stryka under adverb (komparation). Kolla rutan s.205 f\u00f6r hj\u00e4lp.<\/p>\n<hr \/>\n<p><span style=\"color: #ff0000\"><strong>Torsdag:<\/strong><\/span><\/p>\n<p>Vi fortsatte att jobba med kapitel 17. P\u00e5 lektionen arbetade vi med texter och grammatik i textboken s. 204-209. Vi kollade \u00e4ven verb f\u00f6r position p\u00e5 s. 214. Vi gjorde en rolig \u00f6vning om att bo i stan eller p\u00e5 landet d\u00e4r vi \u00f6vade att <em>s\u00e4ga vad man tycker<\/em> och <em>att h\u00e5lla med\/inte h\u00e5lla med\u00a0<\/em>(s.207 i textboken).<\/p>\n<p>L\u00e4xa tills p\u00e5 tisdag 3\/12:<\/p>\n<p>Repetera kapitel 17 i textboken fram till s.215 (texten <em>Komma \u00f6verens<\/em> inkluderad). Jobba med kapitel 17 i \u00f6vningsboken (s.226-227 frivilligt).<\/p>\n<p>Jag vill ocks\u00e5 rekommendera att ni g\u00f6r extra\u00f6vningar, det finns bl.a. \u00f6vningar med<em> g\u00e4rna &#8211; hellre -helst<\/em> som var lite sv\u00e5rt.<\/p>\n<p><a href=\"https:\/\/digi.nokportalen.se\/interactives\/a5cbb062-73ca-4b44-b2c4-9829e53b8773?close_url=%2Fareas%2F92373106-c861-400b-bb16-bdfe1fea213b\">\u00d6vningar | Kapitel 17 | Rivstart A1\/A2, tredje upplagan Extramaterial<\/a><\/p>\n<hr \/>\n<p>Trevlig helg!<\/p>\n<p>Patrick<\/p>\n","protected":false},"excerpt":{"rendered":"<p>Tisdag:\u00a0 Vi har avslutat kapitel 16 och b\u00f6rjat p\u00e5 kapitel 17. P\u00e5 tisdagens lektion pratade vi om boende. Repetera g\u00e4rna text och vokabul\u00e4r p\u00e5 s. 200-203 i textboken. L\u00e4xa tills imorgon (torsdag 28\/11) \u00e4r: Arbeta med texten p\u00e5 s.204 i textboken (lyssna, l\u00e4s och titta p\u00e5 fr\u00e5gorna). Du ska ocks\u00e5 stryka under adverb (komparation). Kolla [&hellip;]<\/p>\n","protected":false},"author":956,"featured_media":0,"parent":0,"menu_order":0,"comment_status":"closed","ping_status":"closed","template":"","meta":{"footnotes":""},"class_list":["post-48","page","type-page","status-publish","hentry","post-preview"],"_links":{"self":[{"href":"https:\/\/blogg.folkuniversitetet.nu\/andepa\/wp-json\/wp\/v2\/pages\/48","targetHints":{"allow":["GET"]}}],"collection":[{"href":"https:\/\/blogg.folkuniversitetet.nu\/andepa\/wp-json\/wp\/v2\/pages"}],"about":[{"href":"https:\/\/blogg.folkuniversitetet.nu\/andepa\/wp-json\/wp\/v2\/types\/page"}],"author":[{"embeddable":true,"href":"https:\/\/blogg.folkuniversitetet.nu\/andepa\/wp-json\/wp\/v2\/users\/956"}],"replies":[{"embeddable":true,"href":"https:\/\/blogg.folkuniversitetet.nu\/andepa\/wp-json\/wp\/v2\/comments?post=48"}],"version-history":[{"count":6,"href":"https:\/\/blogg.folkuniversitetet.nu\/andepa\/wp-json\/wp\/v2\/pages\/48\/revisions"}],"predecessor-version":[{"id":68,"href":"https:\/\/blogg.folkuniversitetet.nu\/andepa\/wp-json\/wp\/v2\/pages\/48\/revisions\/68"}],"wp:attachment":[{"href":"https:\/\/blogg.folkuniversitetet.nu\/andepa\/wp-json\/wp\/v2\/media?parent=48"}],"curies":[{"name":"wp","href":"https:\/\/api.w.org\/{rel}","templated":true}]}}