{"id":14,"date":"2024-11-18T09:13:10","date_gmt":"2024-11-18T08:13:10","guid":{"rendered":"https:\/\/blogg.folkuniversitetet.nu\/andepa\/?page_id=14"},"modified":"2024-12-05T17:57:48","modified_gmt":"2024-12-05T16:57:48","slug":"vem-ar-patrick","status":"publish","type":"page","link":"https:\/\/blogg.folkuniversitetet.nu\/andepa\/vem-ar-patrick\/","title":{"rendered":"Vem \u00e4r Patrick?"},"content":{"rendered":"<blockquote><p><span style=\"color: #993366\">Hej!<\/span><\/p>\n<p><span style=\"color: #993366\">Mitt namn \u00e4r Patrick och jag \u00e4r svenskl\u00e4rare p\u00e5 Folkuniversitetet.<\/span><\/p>\n<p><span style=\"color: #993366\">Jag bor i Stockholm med min familj. Jag \u00e4lskar Stockholm d\u00e5 man b\u00e5de f\u00e5r stora gr\u00f6nomr\u00e5den och stad p\u00e5 samma g\u00e5ng.\u00a0<\/span><\/p>\n<p><span style=\"color: #993366\">Mitt spr\u00e5kintresse b\u00f6rjade i tidig \u00e5lder d\u00e5 jag reste med mamma till England. Efter det b\u00f6rjade jag plugga tyska och sedan spanska. P\u00e5 universitetet studerade jag svenska spr\u00e5ket, samh\u00e4llskunskap och spanska. Jag pratar \u00e4ven lite franska och ryska.<\/span><\/p>\n<p><span style=\"color: #993366\">P\u00e5 min fritid tycker jag om att tr\u00e4na eller \u00e4ta n\u00e5got gott tillsammans med min familj. Jag \u00e4lskar att resa, b\u00e5de Asien, Mellan\u00f6stern och Sydamerika ligger mig varmt om hj\u00e4rtat.\u00a0<\/span><\/p>\n<p><span style=\"color: #993366\">Patrick\u00a0<\/span><\/p><\/blockquote>\n","protected":false},"excerpt":{"rendered":"<p>Hej! Mitt namn \u00e4r Patrick och jag \u00e4r svenskl\u00e4rare p\u00e5 Folkuniversitetet. Jag bor i Stockholm med min familj. Jag \u00e4lskar Stockholm d\u00e5 man b\u00e5de f\u00e5r stora gr\u00f6nomr\u00e5den och stad p\u00e5 samma g\u00e5ng.\u00a0 Mitt spr\u00e5kintresse b\u00f6rjade i tidig \u00e5lder d\u00e5 jag reste med mamma till England. Efter det b\u00f6rjade jag plugga tyska och sedan spanska. P\u00e5 [&hellip;]<\/p>\n","protected":false},"author":107,"featured_media":0,"parent":0,"menu_order":0,"comment_status":"closed","ping_status":"closed","template":"","meta":{"footnotes":""},"class_list":["post-14","page","type-page","status-publish","hentry","post-preview"],"_links":{"self":[{"href":"https:\/\/blogg.folkuniversitetet.nu\/andepa\/wp-json\/wp\/v2\/pages\/14","targetHints":{"allow":["GET"]}}],"collection":[{"href":"https:\/\/blogg.folkuniversitetet.nu\/andepa\/wp-json\/wp\/v2\/pages"}],"about":[{"href":"https:\/\/blogg.folkuniversitetet.nu\/andepa\/wp-json\/wp\/v2\/types\/page"}],"author":[{"embeddable":true,"href":"https:\/\/blogg.folkuniversitetet.nu\/andepa\/wp-json\/wp\/v2\/users\/107"}],"replies":[{"embeddable":true,"href":"https:\/\/blogg.folkuniversitetet.nu\/andepa\/wp-json\/wp\/v2\/comments?post=14"}],"version-history":[{"count":8,"href":"https:\/\/blogg.folkuniversitetet.nu\/andepa\/wp-json\/wp\/v2\/pages\/14\/revisions"}],"predecessor-version":[{"id":81,"href":"https:\/\/blogg.folkuniversitetet.nu\/andepa\/wp-json\/wp\/v2\/pages\/14\/revisions\/81"}],"wp:attachment":[{"href":"https:\/\/blogg.folkuniversitetet.nu\/andepa\/wp-json\/wp\/v2\/media?parent=14"}],"curies":[{"name":"wp","href":"https:\/\/api.w.org\/{rel}","templated":true}]}}