{"id":571,"date":"2026-05-04T13:43:10","date_gmt":"2026-05-04T12:43:10","guid":{"rendered":"https:\/\/blogg.folkuniversitetet.nu\/alexto\/?page_id=571"},"modified":"2026-05-13T16:06:52","modified_gmt":"2026-05-13T15:06:52","slug":"svenska-konversation-b1-start-5-maj","status":"publish","type":"page","link":"https:\/\/blogg.folkuniversitetet.nu\/alexto\/svenska-konversation-b1-start-5-maj\/","title":{"rendered":"Svenska B1 konversation, start 5 maj"},"content":{"rendered":"<p>Folkuniversitetet erbjuder \u00e4ven <a href=\"https:\/\/www.folkuniversitetet.se\/kurser-utbildningar\/sprak\/svenskaswedish\/svenska-specialkurser\/distans\/77907\/\">individuell undervisning<\/a>.<\/p>\n<p><span style=\"font-weight: 400\">Nedan hittar ni f\u00f6rslag p\u00e5 samtals\u00e4mne och diskussionsfr\u00e5gor till varje kurstillf\u00e4lle. Observera att detta \u00e4r f\u00f6rslag (!) p\u00e5 samtals\u00e4mne och diskussionsfr\u00e5gor, ni pratar om vad ni vill. F\u00f6rbered er g\u00e4rna genom att fundera p\u00e5 vad ni vill ber\u00e4tta, vilka ord ni beh\u00f6ver kunna och vilka fr\u00e5gor ni kan st\u00e4lla till era kurskamrater.<\/span><\/p>\n<p><b>14 maj: Resor<\/b><\/p>\n<ol>\n<li style=\"font-weight: 400\"><span style=\"font-weight: 400\">Vart gick din senaste resa? Ber\u00e4tta om vart du \u00e5kte, vem du reste med och vad ni gjorde d\u00e4r.<\/span><\/li>\n<li style=\"font-weight: 400\"><span style=\"font-weight: 400\">Vilken sorts resa f\u00f6redrar du? Gillar du sol och bad, storstadsresor med museum, eller f\u00f6redrar du att vandra i naturen?<\/span><\/li>\n<li style=\"font-weight: 400\"><span style=\"font-weight: 400\">Hur reser du helst? Trivs du b\u00e4st p\u00e5 ett t\u00e5g, i en bil eller p\u00e5 ett flygplan? Vilka \u00e4r f\u00f6rdelarna och nackdelarna?<\/span><\/li>\n<li style=\"font-weight: 400\"><span style=\"font-weight: 400\">Vad \u00e4r det viktigaste att packa i v\u00e4skan? F\u00f6rutom pass och pengar, vad kan du absolut inte resa utan?<\/span><\/li>\n<li style=\"font-weight: 400\"><span style=\"font-weight: 400\">Gillar du att planera allt i f\u00f6rv\u00e4g eller vill du vara spontan? Bokar du alla hotell och utflykter innan du \u00e5ker, eller tar du dagen som den kommer?<\/span><\/li>\n<li style=\"font-weight: 400\"><span style=\"font-weight: 400\">Vilket land eller vilken stad dr\u00f6mmer du om att bes\u00f6ka? Varf\u00f6r vill du \u00e5ka just dit, och vad skulle du vilja se eller uppleva?<\/span><\/li>\n<li style=\"font-weight: 400\"><span style=\"font-weight: 400\">Vad \u00e4r det b\u00e4sta med att resa? \u00c4r det att f\u00e5 \u00e4ta ny mat, tr\u00e4ffa nya m\u00e4nniskor eller bara att f\u00e5 byta milj\u00f6 och slappna av?<\/span><\/li>\n<li style=\"font-weight: 400\"><span style=\"font-weight: 400\">Finns det n\u00e5got som \u00e4r jobbigt med att resa? Tycker du att det \u00e4r stressigt med flygplatser, eller \u00e4r det tr\u00e5kigt att beh\u00f6va v\u00e4nta p\u00e5 f\u00f6rsenade t\u00e5g?<\/span><\/li>\n<li style=\"font-weight: 400\"><span style=\"font-weight: 400\">Hur har ditt s\u00e4tt att resa f\u00f6r\u00e4ndrats genom \u00e5ren? Reste du p\u00e5 ett annat s\u00e4tt n\u00e4r du var yngre j\u00e4mf\u00f6rt med hur du g\u00f6r idag?<\/span><\/li>\n<li style=\"font-weight: 400\"><span style=\"font-weight: 400\">\u00c4r det viktigt att prata spr\u00e5ket i landet man bes\u00f6ker? R\u00e4cker det med engelska och kroppsspr\u00e5k, eller f\u00f6rs\u00f6ker du l\u00e4ra dig n\u00e5gra ord p\u00e5 det lokala spr\u00e5ket innan du \u00e5ker?<\/span><\/li>\n<\/ol>\n<p><span style=\"font-weight: 400\">St\u00e4ll f\u00f6ljdfr\u00e5gor (<\/span><i><span style=\"font-weight: 400\">\"Vilket \u00e4r det godaste du har \u00e4tit utomlands?\", \"Skulle du kunna ber\u00e4tta om ett st\u00e4lle du inte vill \u00e5ka tillbaka till?\", \"Hur v\u00e4ljer du vart du ska \u00e5ka?\",<\/span><\/i><span style=\"font-weight: 400\"> etc.)<\/span><\/p>\n<p><span style=\"font-weight: 400\">Anv\u00e4ndbara fraser: <\/span><i><span style=\"font-weight: 400\">\"Jag f\u00f6redrar att resa under...\", \"Det jag uppskattar mest \u00e4r...\", \"F\u00f6r mig handlar det om att...\", \"Det beror p\u00e5 vem jag reser med...\"<\/span><\/i><\/p>\n<p><strong>12 maj: Vardag och fritid<\/strong><\/p>\n<ol>\n<li style=\"font-weight: 400\"><span style=\"font-weight: 400\">Hur ser en typisk veckodag dag ut f\u00f6r dig? Ber\u00e4tta om dina rutiner fr\u00e5n det att du vaknar tills du g\u00e5r och l\u00e4gger dig.<\/span><\/li>\n<li style=\"font-weight: 400\"><span style=\"font-weight: 400\">Vad g\u00f6r du helst en ledig dag? Om du inte har n\u00e5gra m\u00e5sten, hur v\u00e4ljer du d\u00e5 att tillbringa din lediga tid?<\/span><\/li>\n<li style=\"font-weight: 400\"><span style=\"font-weight: 400\">Har du n\u00e5gon hobby eller ett s\u00e4rskilt intresse? Ber\u00e4tta om n\u00e5got du gillar att g\u00f6ra p\u00e5 fritiden, till exempel sport, handarbete eller matlagning.<\/span><\/li>\n<li style=\"font-weight: 400\"><span style=\"font-weight: 400\">Hur kopplar du av efter en stressig dag? F\u00f6redrar du att vara sj\u00e4lv och l\u00e4sa en bok, eller vill du tr\u00e4ffa v\u00e4nner och vara social?<\/span><\/li>\n<li style=\"font-weight: 400\"><span style=\"font-weight: 400\">Finns det n\u00e5gon skillnad p\u00e5 fritid i Sverige j\u00e4mf\u00f6rt med andra l\u00e4nder? Tycker du att svenskar g\u00f6r andra saker p\u00e5 sin fritid \u00e4n vad man g\u00f6r i ditt hemland?<\/span><\/li>\n<li style=\"font-weight: 400\"><span style=\"font-weight: 400\">Hur viktig \u00e4r naturen f\u00f6r din fritid? Brukar du g\u00e5 i skogen, bes\u00f6ka parker eller vara n\u00e4ra vatten, eller trivs du b\u00e4st inne i staden?<\/span><\/li>\n<li style=\"font-weight: 400\"><span style=\"font-weight: 400\">Vad tycker du om begreppet \"fredagsmys\"? \u00c4r det viktigt att markera n\u00e4r arbetsveckan \u00e4r slut, och hur g\u00f6r du i s\u00e5 fall det?<\/span><\/li>\n<li style=\"font-weight: 400\"><span style=\"font-weight: 400\">Hur mycket tid l\u00e4gger du p\u00e5 hush\u00e5llsarbete? Tycker du att vardagssysslor som att st\u00e4da och handla tar f\u00f6r mycket tid fr\u00e5n din fritid?<\/span><\/li>\n<li style=\"font-weight: 400\"><span style=\"font-weight: 400\">Brukar du planera din fritid noga eller tar du dagen som den kommer? \u00c4r du en person som skriver listor och bokar in aktiviteter, eller f\u00f6redrar du att vara spontan?<\/span><\/li>\n<li style=\"font-weight: 400\"><span style=\"font-weight: 400\">Om du fick en extra timme varje dag, vad skulle du anv\u00e4nda den till? Finns det n\u00e5got du \u00f6nskar att du hann g\u00f6ra oftare men inte hinner med idag?<\/span><\/li>\n<\/ol>\n<p><span style=\"font-weight: 400\">St\u00e4ll f\u00f6ljdfr\u00e5gor (<em>\"Hur k\u00e4nns det n\u00e4r du g\u00f6r det?\", \"Kan du ber\u00e4tta mer om varf\u00f6r du tycker s\u00e5?\", \"Har du n\u00e5got exempel p\u00e5 det?\"<\/em>, etc.)<\/span><\/p>\n<p><span style=\"font-weight: 400\">Anv\u00e4ndbara fraser: <em>\"P\u00e5 min fritid brukar jag...\", \"Det varierar fr\u00e5n dag till dag, men...\", \"Jag prioriterar att...\", \"Det beror helt p\u00e5 v\u00e4dret...\"\u00a0<\/em><\/span><\/p>\n<p><strong>7 maj: Arbete<\/strong><\/p>\n<ol>\n<li style=\"font-weight: 400\"><span style=\"font-weight: 400\">Vad jobbar du med, eller vad har du jobbat med tidigare? Ber\u00e4tta kort om dina arbetsuppgifter och om hur en vanlig dag p\u00e5 jobbet \u00e4r.<\/span><\/li>\n<li style=\"font-weight: 400\"><span style=\"font-weight: 400\">Vad \u00e4r det b\u00e4sta med ditt yrke? \u00c4r det kollegorna, arbetsuppgifterna, l\u00f6nen, \u2026?<\/span><\/li>\n<li style=\"font-weight: 400\"><span style=\"font-weight: 400\">Vilka egenskaper \u00e4r viktiga i ditt yrke? M\u00e5ste man vara stresst\u00e5lig, noggrann, social eller bra p\u00e5 att planera? Motivera varf\u00f6r.<\/span><\/li>\n<li style=\"font-weight: 400\"><span style=\"font-weight: 400\">Hur ser en typisk arbetsplats ut i ditt yrke? Jobbar man utomhus, p\u00e5 ett kontor, p\u00e5 sjukhus eller hemifr\u00e5n? Trivs du b\u00e4st med att sitta still eller att r\u00f6ra p\u00e5 dig?<\/span><\/li>\n<li style=\"font-weight: 400\"><span style=\"font-weight: 400\">Vad dr\u00f6mde du om att bli n\u00e4r du var barn? Finns det n\u00e5gra likheter mellan ditt dr\u00f6myrke som barn och det du g\u00f6r idag?<\/span><\/li>\n<li style=\"font-weight: 400\"><span style=\"font-weight: 400\">Hur ser arbetsmarknaden ut f\u00f6r ditt yrke i Sverige? \u00c4r det l\u00e4tt eller sv\u00e5rt att f\u00e5 jobb? Beh\u00f6ver man komplettera sin utbildning eller l\u00e4ra sig specifika svenska termer?<\/span><\/li>\n<li style=\"font-weight: 400\"><span style=\"font-weight: 400\">Vad \u00e4r viktigast f\u00f6r att man ska trivas p\u00e5 en arbetsplats? \u00c4r det en bra chef, trevliga arbetskamrater, h\u00f6g l\u00f6n eller korta arbetstider?<\/span><\/li>\n<li style=\"font-weight: 400\"><span style=\"font-weight: 400\">Hur balanserar du jobb och fritid? \u00c4r det l\u00e4tt att sl\u00e4ppa tankarna p\u00e5 jobbet n\u00e4r du kommer hem, eller brukar du stressa \u00f6ver ogjorda uppgifter?<\/span><\/li>\n<li style=\"font-weight: 400\"><span style=\"font-weight: 400\">Hur har ditt yrke f\u00f6r\u00e4ndrats med tekniken? Anv\u00e4nder ni nya digitala verktyg eller AI i ditt arbete idag j\u00e4mf\u00f6rt med f\u00f6r tio \u00e5r sedan?<\/span><\/li>\n<li style=\"font-weight: 400\"><span style=\"font-weight: 400\">Om du bytte karri\u00e4r helt \u2013 vad skulle du vilja prova p\u00e5 d\u00e5? Finns det n\u00e5got annat yrke som du \u00e4r nyfiken p\u00e5 men aldrig har testat?<\/span><\/li>\n<\/ol>\n<p><span style=\"font-weight: 400\">St\u00e4ll f\u00f6ljdfr\u00e5gor (<\/span><i><span style=\"font-weight: 400\">\"Hur menar du d\u00e5?\", \"Ber\u00e4tta mer, varf\u00f6r var det s\u00e5?\", \"Skulle du kunna utveckla det?\"<\/span><\/i><span style=\"font-weight: 400\">, etc.<\/span><span style=\"font-weight: 400\">)<\/span><\/p>\n<p>Anv\u00e4ndbara fraser: <em>\"Enligt min erfarenhet...\", \"Det \u00e4r en sv\u00e5r fr\u00e5ga, men...\", \"F\u00f6r mig \u00e4r det viktigt att...\", \"Jag har aldrig t\u00e4nkt p\u00e5 det s\u00e5, men...\"<\/em><\/p>\n<h4><strong>5 maj: Spr\u00e5k och l\u00e4rande<\/strong><\/h4>\n<ol>\n<li>Vilka spr\u00e5k talar du? Ber\u00e4tta om vilka spr\u00e5k du kan och n\u00e4r du anv\u00e4nder dem.<\/li>\n<li>Varf\u00f6r har du valt att l\u00e4ra dig svenska? Var det f\u00f6r jobbet, studier eller ett intresse?<\/li>\n<li>Vad \u00e4r det sv\u00e5raste med att l\u00e4ra sig ett nytt spr\u00e5k? Grammatiken, uttalet eller h\u00f6rf\u00f6rst\u00e5elsen?<\/li>\n<li>Hur l\u00e4r du dig b\u00e4st? Film, appar, b\u00f6cker eller att prata med folk? Dela dina tips!<\/li>\n<li>Finns det n\u00e5gra ord p\u00e5 svenska som du tycker extra mycket om? Kanske ett ord som l\u00e5ter fint eller som \u00e4r unikt f\u00f6r svenskan?<\/li>\n<li>Hur p\u00e5verkas ens personlighet av vilket spr\u00e5k man talar? K\u00e4nner du dig som samma person p\u00e5 svenska som p\u00e5 ditt modersm\u00e5l?<\/li>\n<li>\u00c4r spr\u00e5ket nyckeln till att f\u00f6rst\u00e5 ett lands kultur och traditioner? Kan man f\u00f6rst\u00e5 sociala koder utan att kunna spr\u00e5ket?<\/li>\n<li>Hur har tekniken f\u00f6r\u00e4ndrat hur vi l\u00e4r oss spr\u00e5k? \u00c4r det l\u00e4ttare idag med internet och AI?<\/li>\n<li>Kan man l\u00e4ra sig ett spr\u00e5k utan att bo i landet? Vad kr\u00e4vs f\u00f6r att lyckas med det?<\/li>\n<li>Vilket spr\u00e5k skulle du vilja l\u00e4ra dig i framtiden? Om du hade all tid i v\u00e4rlden, vilket skulle du v\u00e4lja?<\/li>\n<\/ol>\n<p><span style=\"font-weight: 400\">St\u00e4ll f\u00f6ljdfr\u00e5gor (<\/span><i><span style=\"font-weight: 400\">\"Vad menar du med det?\", <\/span><\/i><i><span style=\"font-weight: 400\">\"Kan du ge ett exempel?\"<\/span><\/i><span style=\"font-weight: 400\">, etc.<\/span><span style=\"font-weight: 400\">)<\/span><\/p>\n<p>Anv\u00e4ndbara fraser: <i data-path-to-node=\"6,1,1,0,0\" data-index-in-node=\"0\">Jag tycker att..., <\/i><i data-path-to-node=\"6,1,1,1,0\" data-index-in-node=\"0\">\u00c5 ena sidan... \u00e5 andra sidan..., <\/i><i data-path-to-node=\"6,1,1,2,0\" data-index-in-node=\"0\">Det beror p\u00e5..., <\/i><i data-path-to-node=\"6,1,1,3,0\" data-index-in-node=\"0\">Jag h\u00e5ller med dig<\/i><\/p>\n","protected":false},"excerpt":{"rendered":"<p>Folkuniversitetet erbjuder \u00e4ven individuell undervisning. Nedan hittar ni f\u00f6rslag p\u00e5 samtals\u00e4mne och diskussionsfr\u00e5gor till varje kurstillf\u00e4lle. Observera att detta \u00e4r f\u00f6rslag (!) p\u00e5 samtals\u00e4mne och diskussionsfr\u00e5gor, ni pratar om vad ni vill. F\u00f6rbered er g\u00e4rna genom att fundera p\u00e5 vad ni vill ber\u00e4tta, vilka ord ni beh\u00f6ver kunna och vilka fr\u00e5gor ni kan st\u00e4lla till <a class=\"read-more\" href=\"https:\/\/blogg.folkuniversitetet.nu\/alexto\/svenska-konversation-b1-start-5-maj\/\">...l\u00e4s vidare <span class=\"meta-nav\">&rarr;<\/span><\/a><\/p>\n","protected":false},"author":967,"featured_media":0,"parent":0,"menu_order":5,"comment_status":"closed","ping_status":"closed","template":"","meta":{"footnotes":""},"class_list":["post-571","page","type-page","status-publish","hentry"],"_links":{"self":[{"href":"https:\/\/blogg.folkuniversitetet.nu\/alexto\/wp-json\/wp\/v2\/pages\/571","targetHints":{"allow":["GET"]}}],"collection":[{"href":"https:\/\/blogg.folkuniversitetet.nu\/alexto\/wp-json\/wp\/v2\/pages"}],"about":[{"href":"https:\/\/blogg.folkuniversitetet.nu\/alexto\/wp-json\/wp\/v2\/types\/page"}],"author":[{"embeddable":true,"href":"https:\/\/blogg.folkuniversitetet.nu\/alexto\/wp-json\/wp\/v2\/users\/967"}],"replies":[{"embeddable":true,"href":"https:\/\/blogg.folkuniversitetet.nu\/alexto\/wp-json\/wp\/v2\/comments?post=571"}],"version-history":[{"count":10,"href":"https:\/\/blogg.folkuniversitetet.nu\/alexto\/wp-json\/wp\/v2\/pages\/571\/revisions"}],"predecessor-version":[{"id":591,"href":"https:\/\/blogg.folkuniversitetet.nu\/alexto\/wp-json\/wp\/v2\/pages\/571\/revisions\/591"}],"wp:attachment":[{"href":"https:\/\/blogg.folkuniversitetet.nu\/alexto\/wp-json\/wp\/v2\/media?parent=571"}],"curies":[{"name":"wp","href":"https:\/\/api.w.org\/{rel}","templated":true}]}}