{"id":560,"date":"2026-04-17T13:28:39","date_gmt":"2026-04-17T12:28:39","guid":{"rendered":"https:\/\/blogg.folkuniversitetet.nu\/alexto\/?page_id=560"},"modified":"2026-05-11T19:58:46","modified_gmt":"2026-05-11T18:58:46","slug":"svenska-b1-del-2-start-20-april","status":"publish","type":"page","link":"https:\/\/blogg.folkuniversitetet.nu\/alexto\/svenska-b1-del-2-start-20-april\/","title":{"rendered":"Svenska B1+ del 2, start  20 april"},"content":{"rendered":"<p>Folkuniversitetet erbjuder \u00e4ven individuell undervisning, se <a href=\"https:\/\/www.folkuniversitetet.se\/kurser-utbildningar\/sprak\/svenskaswedish\/svenska-specialkurser\/distans\/77907\/\">l\u00e4nken<\/a>.<\/p>\n<p><strong>11 maj:<\/strong> Ikv\u00e4ll har vi l\u00e4st dialogerna p\u00e5 s. 173 och <a href=\"http:\/\/blogg.folkuniversitetet.nu\/alexto\/files\/2026\/05\/B1-Konversation-Arbetsmiljo.pdf\">samtalat om arbetsmilj\u00f6<\/a> Till p\u00e5 onsdag: l\u00e4s p\u00e5 ord och uttryck som kom upp under samtalet och g\u00f6r 11: 5, 6 i \u00f6vningsboken. I <a href=\"https:\/\/digi.nokportalen.se\/interactives\/ac09e37a-7b2b-43e1-9ef4-2f7ff912f1b2?close_url=%2Fareas%2Fd01e801d-1aec-491a-9b2f-1d31b8ff7470\">extramaterialet<\/a> finns det fler \u00f6vningar p\u00e5 prepositioner.<\/p>\n<p><strong>6 maj:<\/strong> Vi gjorde \u00f6vning 1D och 1E (textboken s. 168, 169), gick igenom reflexiva possessiva pronomen (s. 170), l\u00e4ste\/pratade om dilemman p\u00e5 jobbet (s. 171), gick igenom pronomenen man\/en\/ens (s. 172) och lyssnade p\u00e5 dialogerna p\u00e5 s. 173. Till p\u00e5 m\u00e5ndag: g\u00f6r 11: 1, 2, 7, 8 i \u00f6vningsboken. I <a href=\"https:\/\/digi.nokportalen.se\/interactives\/ac09e37a-7b2b-43e1-9ef4-2f7ff912f1b2?close_url=%2Fareas%2Fd01e801d-1aec-491a-9b2f-1d31b8ff7470\">extramaterialet<\/a> finns det fler \u00f6vningar p\u00e5 pronomen och ordkunskap (brott).<\/p>\n<p><strong>\u00a04 maj:<\/strong> Ikv\u00e4ll har vi avslutat kapitel 10 (textboken s. 165, 166) och g\u00e5tt igenom principerna f\u00f6r satsbetoning. P\u00e5 s. 319-329 i boken finns uttalsregler samlade; d\u00e4r kan ni \u00f6va med hj\u00e4lp av <a href=\"https:\/\/digi.nokportalen.se\/contents\/8a89ca7c-bd28-47c5-a7b8-8a66609750b0?section=3ad28a68-4255-4ad5-b5c5-f6743a632dd4\">ljudfilerna<\/a>. Till p\u00e5 onsdag: g\u00f6r 10: 8, 9 i \u00f6vningsboken och kolla s\u00e5 att ni har gjort alla \u00f6vningar till kapitel 10 i <a href=\"https:\/\/digi.nokportalen.se\/interactives\/2b263f65-b1ce-4287-a561-cd1eaf31444e?close_url=%2Fareas%2F6dfd2c20-7f1c-42ba-aea1-e7f29dcf5c1b\">extramaterialet<\/a>. Vi b\u00f6rjade \u00e4ven p\u00e5 kapitel 11 och gjorde s. 167, 168 (t.o.m. 1C) i textboken.<\/p>\n<p><strong>29 april:<\/strong> Vi \u00f6vade p\u00e5 passiv form (textboken s. 164, 165 t.o.m. 3K) och pratade om mj\u00f6lkprodukter som yoghurt, ost och glass. Till p\u00e5 m\u00e5ndag: g\u00f6r <span style=\"font-weight: 400\">10: 1, 2 i \u00f6vningsboken. I <a href=\"https:\/\/digi.nokportalen.se\/interactives\/2b263f65-b1ce-4287-a561-cd1eaf31444e?close_url=%2Fareas%2F6dfd2c20-7f1c-42ba-aea1-e7f29dcf5c1b\">extramaterialet<\/a> hittar ni fler \u00f6vningar p\u00e5 s-passiv, aktiv\/passiv form. <\/span><\/p>\n<p><strong>27 april:<\/strong> Vi l\u00e4ste och lyssnade p\u00e5 texten \"Fr\u00e5n h\u00e5rdvaluta till m\u00e5ltidsdryck\" (textboken s. 159-162) och gick igenom passiv form (s. 163). Till p\u00e5 onsdag: g\u00e5 igenom texten igen och g\u00f6r 10: 7 i \u00f6vningsboken.<\/p>\n<p><strong>22 april:<\/strong> Ikv\u00e4ll har vi gjort s. 156-159 (t.o.m. 3C) i textboken. L\u00e4s p\u00e5 nya ord (speciellt de i den gr\u00e5 rutan p\u00e5 s. 159) och idiomatiska uttryck (s. 158), samt g\u00f6r 10: 5, 6 i \u00f6vningsboken till n\u00e4sta g\u00e5ng..<\/p>\n<p><strong>20 april:<\/strong> Vi b\u00f6rjade p\u00e5 kapitel 10 och gjorde s. 153-155 i textboken. Till p\u00e5 onsdag: l\u00e4s p\u00e5 nya ord och g\u00f6r 10: 3, 4 i \u00f6vningsboken. I <a href=\"https:\/\/digi.nokportalen.se\/interactives\/2b263f65-b1ce-4287-a561-cd1eaf31444e?close_url=%2Fareas%2F6dfd2c20-7f1c-42ba-aea1-e7f29dcf5c1b\">extramaterialet<\/a> finns det fler \u00f6vningar p\u00e5 partikelverb och prepositioner..<\/p>\n<p>&nbsp;<\/p>\n","protected":false},"excerpt":{"rendered":"<p>Folkuniversitetet erbjuder \u00e4ven individuell undervisning, se l\u00e4nken. 11 maj: Ikv\u00e4ll har vi l\u00e4st dialogerna p\u00e5 s. 173 och samtalat om arbetsmilj\u00f6 Till p\u00e5 onsdag: l\u00e4s p\u00e5 ord och uttryck som kom upp under samtalet och g\u00f6r 11: 5, 6 i \u00f6vningsboken. I extramaterialet finns det fler \u00f6vningar p\u00e5 prepositioner. 6 maj: Vi gjorde \u00f6vning 1D <a class=\"read-more\" href=\"https:\/\/blogg.folkuniversitetet.nu\/alexto\/svenska-b1-del-2-start-20-april\/\">...l\u00e4s vidare <span class=\"meta-nav\">&rarr;<\/span><\/a><\/p>\n","protected":false},"author":967,"featured_media":0,"parent":0,"menu_order":4,"comment_status":"closed","ping_status":"closed","template":"","meta":{"footnotes":""},"class_list":["post-560","page","type-page","status-publish","hentry"],"_links":{"self":[{"href":"https:\/\/blogg.folkuniversitetet.nu\/alexto\/wp-json\/wp\/v2\/pages\/560","targetHints":{"allow":["GET"]}}],"collection":[{"href":"https:\/\/blogg.folkuniversitetet.nu\/alexto\/wp-json\/wp\/v2\/pages"}],"about":[{"href":"https:\/\/blogg.folkuniversitetet.nu\/alexto\/wp-json\/wp\/v2\/types\/page"}],"author":[{"embeddable":true,"href":"https:\/\/blogg.folkuniversitetet.nu\/alexto\/wp-json\/wp\/v2\/users\/967"}],"replies":[{"embeddable":true,"href":"https:\/\/blogg.folkuniversitetet.nu\/alexto\/wp-json\/wp\/v2\/comments?post=560"}],"version-history":[{"count":12,"href":"https:\/\/blogg.folkuniversitetet.nu\/alexto\/wp-json\/wp\/v2\/pages\/560\/revisions"}],"predecessor-version":[{"id":587,"href":"https:\/\/blogg.folkuniversitetet.nu\/alexto\/wp-json\/wp\/v2\/pages\/560\/revisions\/587"}],"wp:attachment":[{"href":"https:\/\/blogg.folkuniversitetet.nu\/alexto\/wp-json\/wp\/v2\/media?parent=560"}],"curies":[{"name":"wp","href":"https:\/\/api.w.org\/{rel}","templated":true}]}}