{"id":514,"date":"2026-03-17T15:05:10","date_gmt":"2026-03-17T14:05:10","guid":{"rendered":"https:\/\/blogg.folkuniversitetet.nu\/alexto\/?page_id=514"},"modified":"2026-05-06T20:50:29","modified_gmt":"2026-05-06T19:50:29","slug":"svenska-a2-del-1-start-18-mars","status":"publish","type":"page","link":"https:\/\/blogg.folkuniversitetet.nu\/alexto\/svenska-a2-del-1-start-18-mars\/","title":{"rendered":"Svenska A2 del 1, start 18 mars"},"content":{"rendered":"<p>Folkuniversitetet erbjuder \u00e4ven individuell undervisning, se <a href=\"https:\/\/www.folkuniversitetet.se\/kurser-utbildningar\/sprak\/svenskaswedish\/svenska-specialkurser\/distans\/77907\/\">l\u00e4nken<\/a>.<\/p>\n<p><strong>6 maj:<\/strong> Vi repeterade verbformer. G\u00f6r \u00f6vning 2C\/D (textboken s. 151), en verbtabell (om ni orkar, ta med alla verb i texten p\u00e5 s. 150), till n\u00e4sta g\u00e5ng. D\u00e4refter gjorde vi s. 152-154 (t.o.m. \u00f6vning 3G). G\u00f6r 13: 2, 3, 5 i \u00f6vningsboken till n\u00e4sta g\u00e5ng. I <a href=\"https:\/\/digi.nokportalen.se\/interactives\/7aed688a-a799-4c39-b32d-276ec75c8a26?close_url=%2Fareas%2Fb562bdb7-a1fb-455a-9303-9af5e5f480af\">extramaterialet<\/a> hittar ni fler \u00f6vningar p\u00e5 adverb (nu eller d\u00e5), verb (presens perfekt eller preteritum) och prepositioner.<\/p>\n<p><strong>29 april:<\/strong> Vi b\u00f6rjade p\u00e5 kapitel 13\u00a0 och gjorde s. 147-151 (t.o.m. 2B). Till n\u00e4sta vecka: l\u00e4s\/lyssna p\u00e5 texten om Fadime igen och g\u00f6r 13: 1, 6, 7 i \u00f6vningsboken. I <a href=\"https:\/\/digi.nokportalen.se\/interactives\/7aed688a-a799-4c39-b32d-276ec75c8a26?close_url=%2Fareas%2Fb562bdb7-a1fb-455a-9303-9af5e5f480af\">extramaterialet<\/a> finns det fler \u00f6vningar p\u00e5 rumsadverb.<\/p>\n<p><strong>22 april:<\/strong> Ikv\u00e4ll har vi avslutat kapitel 12 (textboken s. 142-146). L\u00e4s p\u00e5 nya ord, g\u00f6r 12: 5, 6, 10, 11 i \u00f6vningsboken och \u00f6va frasbetoning i textboken p\u00e5 s. 146 (lyssna <a href=\"https:\/\/digi.nokportalen.se\/contents\/00eb26fe-955b-4f42-8135-89666e5f42ea?close_url=%2Fareas%2F14b1e852-a319-4d6c-b535-85d7d6880f4f&amp;section=ed03a1a9-9d67-4c41-b61d-6a0671f92201\">h\u00e4r<\/a>) och s. 251 (1A-D, lyssna <a href=\"https:\/\/digi.nokportalen.se\/contents\/657761f3-d7da-474e-91cc-06b92cbdf9ba?section=cb8cd310-a662-4505-8b86-e90ec59a17d0\">h\u00e4r<\/a>). Kolla ocks\u00e5 att ni har gjort alla \u00f6vningar till kapitlet i <a href=\"https:\/\/digi.nokportalen.se\/interactives\/8f500fb8-ae8f-44f1-a21c-ac203114dba6?close_url=%2Fareas%2F14b1e852-a319-4d6c-b535-85d7d6880f4f\">extramaterialet<\/a>.<\/p>\n<p><strong>15 april:<\/strong> Vi gjorde s. 137 (fr.o.m. 1G) till s. 142 (t.o.m. 2E) i textboken. Till n\u00e4sta onsdag: g\u00f6r f\u00e4rdigt (om ni inte hann l\u00e4sa\/\u00f6vers\u00e4tta allt) texten p\u00e5 s. 139, 140 och g\u00f6r <span style=\"font-weight: 400\">12: 3, 4, 9 i \u00f6vningsboken. I <a href=\"https:\/\/digi.nokportalen.se\/interactives\/8f500fb8-ae8f-44f1-a21c-ac203114dba6?close_url=%2Fareas%2F14b1e852-a319-4d6c-b535-85d7d6880f4f\">extramaterialet<\/a> finns det fler \u00f6vningar p\u00e5 adjektiv (f\u00e5\/m\u00e5nga, lite\/mycket + komparation; nationalitetsadjektiv).<\/span><\/p>\n<p><strong>8 april:<\/strong> Vi b\u00f6rjade p\u00e5 kapitel 12, gjorde s. 134-137 (t.o.m. 1E) och gick igenom skillnaden i ordf\u00f6ljd i huvud- och bisatser. Till n\u00e4sta vecka: g\u00f6r 12: 1, 2, 7, 8 i \u00f6vningsboken och l\u00e4s p\u00e5 nya ord. I <a href=\"https:\/\/digi.nokportalen.se\/interactives\/8f500fb8-ae8f-44f1-a21c-ac203114dba6?close_url=%2Fareas%2F14b1e852-a319-4d6c-b535-85d7d6880f4f\">extramaterialet<\/a> finns det fler \u00f6vningar p\u00e5 subjunktioner och ordf\u00f6ljd.<\/p>\n<p><strong>1 april:<\/strong> Ikv\u00e4ll har vi avslutat kapitel 11 (textboken s. 127-133). Till n\u00e4sta vecka: g\u00f6r 2L-N och 3F,G i textboken (s. 127, 132, 133) och 11: 4, 8-10 i \u00f6vningsboken. L\u00e4s ocks\u00e5 p\u00e5 alla nya ord och kolla s\u00e5 att alla \u00f6vningar i <a href=\"https:\/\/digi.nokportalen.se\/interactives\/15985476-bd72-4600-abe6-39a0e53985a2?close_url=%2Fareas%2F097eeb94-4c9e-4237-b6d0-759561dbc671\">extramaterialet<\/a> \u00e4r gjorda.<\/p>\n<p><strong>25 mars:<\/strong> Ikv\u00e4ll har vi gjort s. 123-127 (t.o.m. \"Fokus - konjunktioner\"). Till n\u00e4sta g\u00e5ng: l\u00e4s p\u00e5 alla nya ord fr\u00e5n s. 124-126 och g\u00f6r 11: 1-3 i \u00f6vningsboken. I <a href=\"https:\/\/digi.nokportalen.se\/interactives\/15985476-bd72-4600-abe6-39a0e53985a2?close_url=%2Fareas%2F097eeb94-4c9e-4237-b6d0-759561dbc671\">extramaterialet<\/a> finns det fler \u00f6vningar p\u00e5 ordf\u00f6ljd, konjunktioner och adverben ocks\u00e5\/inte heller.<\/p>\n<p><strong>18 mars:<\/strong> Vi b\u00f6rjade p\u00e5 kapitel 11: l\u00e4ste och lyssnade p\u00e5 texten p\u00e5 s. 121, 122, ber\u00e4ttade om en v\u00e4n (1A s. 122), och pratade om de olika aktiviteterna p\u00e5\u00a0 s. 123 (2B). Till n\u00e4sta vecka: skaffa inloggning till extramaterialet (se fliken \"Rivstart\" ovan), lyssna p\u00e5 och l\u00e4s texten p\u00e5 s. 121, 122 igen, l\u00e4r er alla nya ord fr\u00e5n texten och g\u00f6r 11: 5-7 i \u00f6vningsboken. I <a href=\"https:\/\/digi.nokportalen.se\/interactives\/15985476-bd72-4600-abe6-39a0e53985a2?close_url=%2Fareas%2F097eeb94-4c9e-4237-b6d0-759561dbc671\">extramaterialet<\/a> hittar ni fler \u00f6vningar p\u00e5 prepositioner och substantiv.<\/p>\n","protected":false},"excerpt":{"rendered":"<p>Folkuniversitetet erbjuder \u00e4ven individuell undervisning, se l\u00e4nken. 6 maj: Vi repeterade verbformer. G\u00f6r \u00f6vning 2C\/D (textboken s. 151), en verbtabell (om ni orkar, ta med alla verb i texten p\u00e5 s. 150), till n\u00e4sta g\u00e5ng. D\u00e4refter gjorde vi s. 152-154 (t.o.m. \u00f6vning 3G). G\u00f6r 13: 2, 3, 5 i \u00f6vningsboken till n\u00e4sta g\u00e5ng. I extramaterialet <a class=\"read-more\" href=\"https:\/\/blogg.folkuniversitetet.nu\/alexto\/svenska-a2-del-1-start-18-mars\/\">...l\u00e4s vidare <span class=\"meta-nav\">&rarr;<\/span><\/a><\/p>\n","protected":false},"author":967,"featured_media":0,"parent":0,"menu_order":3,"comment_status":"closed","ping_status":"closed","template":"","meta":{"footnotes":""},"class_list":["post-514","page","type-page","status-publish","hentry"],"_links":{"self":[{"href":"https:\/\/blogg.folkuniversitetet.nu\/alexto\/wp-json\/wp\/v2\/pages\/514","targetHints":{"allow":["GET"]}}],"collection":[{"href":"https:\/\/blogg.folkuniversitetet.nu\/alexto\/wp-json\/wp\/v2\/pages"}],"about":[{"href":"https:\/\/blogg.folkuniversitetet.nu\/alexto\/wp-json\/wp\/v2\/types\/page"}],"author":[{"embeddable":true,"href":"https:\/\/blogg.folkuniversitetet.nu\/alexto\/wp-json\/wp\/v2\/users\/967"}],"replies":[{"embeddable":true,"href":"https:\/\/blogg.folkuniversitetet.nu\/alexto\/wp-json\/wp\/v2\/comments?post=514"}],"version-history":[{"count":14,"href":"https:\/\/blogg.folkuniversitetet.nu\/alexto\/wp-json\/wp\/v2\/pages\/514\/revisions"}],"predecessor-version":[{"id":582,"href":"https:\/\/blogg.folkuniversitetet.nu\/alexto\/wp-json\/wp\/v2\/pages\/514\/revisions\/582"}],"wp:attachment":[{"href":"https:\/\/blogg.folkuniversitetet.nu\/alexto\/wp-json\/wp\/v2\/media?parent=514"}],"curies":[{"name":"wp","href":"https:\/\/api.w.org\/{rel}","templated":true}]}}